{"id":1116,"date":"2023-11-06T11:22:14","date_gmt":"2023-11-06T10:22:14","guid":{"rendered":"https:\/\/fcconsultingformation.fr\/?page_id=1116"},"modified":"2025-06-04T17:07:47","modified_gmt":"2025-06-04T15:07:47","slug":"inscription","status":"publish","type":"page","link":"https:\/\/fcconsultingformation.fr\/?page_id=1116","title":{"rendered":"Inscription"},"content":{"rendered":"\t\t<div data-elementor-type=\"wp-page\" data-elementor-id=\"1116\" class=\"elementor elementor-1116\" data-elementor-post-type=\"page\">\n\t\t\t\t<div data-particle_enable=\"false\" data-particle-mobile-disabled=\"false\" class=\"elementor-element elementor-element-27ba270 e-flex e-con-boxed wpr-particle-no wpr-jarallax-no wpr-parallax-no wpr-sticky-section-no e-con e-parent\" data-id=\"27ba270\" data-element_type=\"container\">\n\t\t\t\t\t<div class=\"e-con-inner\">\n\t\t\t\t<div class=\"elementor-element elementor-element-946fc6f elementor-widget elementor-widget-heading\" data-id=\"946fc6f\" data-element_type=\"widget\" data-widget_type=\"heading.default\">\n\t\t\t\t<div class=\"elementor-widget-container\">\n\t\t\t\t\t<h2 class=\"elementor-heading-title elementor-size-default\">Pr\u00e9 inscription<\/h2>\t\t\t\t<\/div>\n\t\t\t\t<\/div>\n\t\t\t\t\t<\/div>\n\t\t\t\t<\/div>\n\t\t<div data-particle_enable=\"false\" data-particle-mobile-disabled=\"false\" class=\"elementor-element elementor-element-32bf3a0 e-flex e-con-boxed wpr-particle-no wpr-jarallax-no wpr-parallax-no wpr-sticky-section-no e-con e-parent\" data-id=\"32bf3a0\" data-element_type=\"container\">\n\t\t\t\t\t<div class=\"e-con-inner\">\n\t\t\t\t<div class=\"elementor-element elementor-element-346dd32 elementor-widget__width-initial elementor-widget elementor-widget-text-editor\" data-id=\"346dd32\" data-element_type=\"widget\" data-widget_type=\"text-editor.default\">\n\t\t\t\t<div class=\"elementor-widget-container\">\n\t\t\t\t\t\t\t\t\t<p style=\"color: #0277b5; font-family: 'YAFdJt8dAY0 0', _fb_, auto; --font-size: 31.3px; --line-height: 1.4; line-height: 43px;\">\u00a0 \u00a0<b>Si vous souhaitez vous inscrire, suivez les \u00e9tapes suivantes:<\/b><\/p><p>1. Pr\u00e9-inscription : Remplissez ci-dessous le formulaire de pr\u00e9-inscription en ligne. C\u2019est rapide et facile.<br \/>2. Une fois votre pr\u00e9-inscription re\u00e7ue par mail, notre \u00e9quipe vous appellera pour mieux vous connaitre, \u00e9changer et<br \/>\u00a0 \u00a0 \u00a0discuter de vos attentes de la formation ainsi que de valid\u00e9 avec vous les pr\u00e9-requis pour r\u00e9aliser notre formation.<br \/>3. Validation: Si tout est en ordre, f\u00e9licitations! Vous serez officiellement inscrit(e) et pr\u00eat(e) pour cette nouvelle aventure!\u00a0 \u00a0\u00a0<\/p><p><span style=\"color: var( --e-global-color-text ); background-color: transparent;\">\u00a0<\/span><span style=\"background-color: transparent; color: #0277b5; font-family: 'YAFdJt8dAY0 0', _fb_, auto;\"><b>Le d\u00e9lais d\u2019inscription est de 14 jours ouvr\u00e9s avant la date de formation s\u2019il reste des places disponibles.<\/b><\/span><\/p><p style=\"color: #0277b5; font-family: 'YAFdJt8dAY0 0', _fb_, auto; --font-size: 31.3px; --line-height: 1.4; line-height: 43px;\">\u00a0<\/p>\t\t\t\t\t\t\t\t<\/div>\n\t\t\t\t<\/div>\n\t\t\t\t<div class=\"elementor-element elementor-element-9f8ffd5 elementor-widget elementor-widget-heading\" data-id=\"9f8ffd5\" data-element_type=\"widget\" data-widget_type=\"heading.default\">\n\t\t\t\t<div class=\"elementor-widget-container\">\n\t\t\t\t\t<h2 class=\"elementor-heading-title elementor-size-default\">Coordonn\u00e9es<\/h2>\t\t\t\t<\/div>\n\t\t\t\t<\/div>\n\t\t<div data-particle_enable=\"false\" data-particle-mobile-disabled=\"false\" class=\"elementor-element elementor-element-23bd308 e-flex e-con-boxed wpr-particle-no wpr-jarallax-no wpr-parallax-no wpr-sticky-section-no e-con e-child\" data-id=\"23bd308\" data-element_type=\"container\">\n\t\t\t\t\t<div class=\"e-con-inner\">\n\t\t\t\t<div class=\"elementor-element elementor-element-e73cbee elementor-button-align-center elementor-widget elementor-widget-form\" data-id=\"e73cbee\" data-element_type=\"widget\" data-settings=\"{&quot;step_next_label&quot;:&quot;Suivant&quot;,&quot;step_previous_label&quot;:&quot;Pr\\u00e9c\\u00e9dent&quot;,&quot;step_icon_shape&quot;:&quot;rounded&quot;,&quot;button_width&quot;:&quot;100&quot;,&quot;step_type&quot;:&quot;number_text&quot;}\" data-widget_type=\"form.default\">\n\t\t\t\t<div class=\"elementor-widget-container\">\n\t\t\t\t\t\t\t<form class=\"elementor-form\" method=\"post\" name=\"inscription\">\n\t\t\t<input type=\"hidden\" name=\"post_id\" value=\"1116\"\/>\n\t\t\t<input type=\"hidden\" name=\"form_id\" value=\"e73cbee\"\/>\n\t\t\t<input type=\"hidden\" name=\"referer_title\" value=\"\" \/>\n\n\t\t\t\n\t\t\t<div class=\"elementor-form-fields-wrapper elementor-labels-above\">\n\t\t\t\t\t\t\t\t<div class=\"elementor-field-type-html elementor-field-group elementor-column elementor-field-group-field_91dc3fc elementor-col-100\">\n\t\t\t\t\t<!DOCTYPE html>\n<html lang=\"fr\">\n<head>\n    <meta charset=\"UTF-8\">\n    <meta name=\"viewport\" content=\"width=device-width, initial-scale=1.0\">\n    <style>\n        label {\n            display: block;\n            margin-bottom: 8px;\n            color: #FF7C02;\n            font-size: 18px;\n        }\n\n        select {\n            width: 100%;\n            padding: 3px;\n            margin-bottom: 16px;\n            box-sizing: border-box;\n            border-radius: 20px;\n            border-color: #BFA08E;\n        }\n\n        .training {\n            margin-bottom: 30px;\n            display: none;\n        }\n\n        .session {\n            padding: 10px;\n            margin-top: 10px;\n        }\n\n        .session label {\n            font-weight: bold;\n            display: inline-block;\n            margin-bottom: 5px;\n        }\n\n        .session input[type=\"radio\"] {\n            margin-right: 5px;\n        }\n\n        .sessionDates label,\n        .sessionDates input[type=\"radio\"] {\n            display: inline-block;\n            margin-bottom: 0;\n        }\n\n        .sessionDates input[type=\"radio\"] {\n            vertical-align: middle;\n        }\n\n        .training select {\n            width: 100%;\n            padding: 3px;\n            margin-bottom: 16px;\n            box-sizing: border-box;\n            border-radius: 20px;\n            border-color: #BFA08E;\n        }\n    <\/style>\n<\/head>\n<body>\n\n    <form id=\"formationForm\">\n        <!-- Champ cach\u00e9 pour la formation principale -->\n        <input type=\"hidden\" id=\"selected_main_training\" name=\"selected_main_training\" value=\"\">\n        \n        <!-- Champ cach\u00e9 pour la sous-formation -->\n        <input type=\"hidden\" id=\"selected_sub_training\" name=\"selected_sub_training\" value=\"\">\n        \n        <!-- Champ cach\u00e9 pour la session choisie -->\n        <input type=\"hidden\" id=\"selected_session\" name=\"selected_session\" value=\"\">\n\n        <label for=\"trainingSelect\">Choisissez une formation:<\/label>\n        <select id=\"trainingSelect\" name=\"trainingSelect\" onchange=\"showSessions()\" required>\n            <option value=\"\"><\/option>\n            <option value=\"formation1\">Nos formations bureautiques<\/option>\n            <option value=\"formation2\">Technicien d'exploitation niveau 1<\/option>\n            <option value=\"formation3\">Administrateur syst\u00e8me - Support N2<\/option>\n            <option value=\"formation4\">Data Cloud Ing\u00e9nieur<\/option>\n            <option value=\"formation5\">D\u00e9veloppeur Web Full Stack<\/option>\n        <\/select>\n\n        <div class=\"training\" id=\"formation1\">\n            <label for=\"toolSelect\">Choisissez parmi les formations bureautiques:<\/label>\n            <select id=\"toolSelect\" name=\"toolSelect\" onchange=\"showSessionDates()\">\n                <option value=\"\"><\/option>\n                <option value=\"Word\">Word<\/option>\n                <option value=\"Excel\">Excel<\/option>\n                <option value=\"Outlook\">Outlook<\/option>\n                <option value=\"PowerPoint\">PowerPoint<\/option>  \n                <option value=\"Bureautique_complete\">Apprendre les outils de la bureautique<\/option>\n            <\/select>\n\n            <div class=\"sessionDates\" id=\"sessionDatesWord\" style=\"display: none;\">\n                <input type=\"radio\" id=\"sessionWord1\" name=\"sessionBureautique\" value=\"10 Juin 2024\" onchange=\"updateSessionValue(this)\">\n                <label for=\"sessionWord1\">Session du 10 Juin 2024<\/label><br>\n            <\/div>\n        \n            <div class=\"sessionDates\" id=\"sessionDatesExcel\" style=\"display: none;\">\n                <input type=\"radio\" id=\"sessionExcel1\" name=\"sessionBureautique\" value=\"11-12 Juin 2024\" onchange=\"updateSessionValue(this)\">\n                <label for=\"sessionExcel1\">Session du 11 Juin 2024 au 12 Juin 2024<\/label><br>\n            <\/div>\n        \n            <div class=\"sessionDates\" id=\"sessionDatesPowerPoint\" style=\"display: none;\">\n                <input type=\"radio\" id=\"sessionPowerPoint1\" name=\"sessionBureautique\" value=\"13 Juin 2024\" onchange=\"updateSessionValue(this)\">\n                <label for=\"sessionPowerPoint1\">Session du 13 Juin 2024<\/label><br>\n            <\/div>\n        \n            <div class=\"sessionDates\" id=\"sessionDatesOutlook\" style=\"display: none;\">\n                <input type=\"radio\" id=\"sessionOutlook1\" name=\"sessionBureautique\" value=\"14 Juin 2024\" onchange=\"updateSessionValue(this)\">\n                <label for=\"sessionOutlook1\">Session du 14 Juin 2024<\/label><br>\n            <\/div>\n\n            <div class=\"sessionDates\" id=\"sessionDatesBureautique\" style=\"display: none;\">\n                <input type=\"radio\" id=\"sessionBureautique1\" name=\"sessionBureautique\" value=\"03-07 Juin 2024\" onchange=\"updateSessionValue(this)\">\n                <label for=\"sessionBureautique1\">Session du 03 Juin au 07 Juin 2024<\/label><br>\n            <\/div>\n        <\/div>\n\n        <div class=\"training\" id=\"formation2\">\n            <div class=\"session\">\n                <input type=\"radio\" id=\"sessionTechnicien1\" name=\"sessionTechnicien\" value=\"02 dec-28 fev 2025\" onchange=\"updateSessionValue(this)\">\n                <label for=\"sessionTechnicien1\">02 d\u00e9cembre 2024 au 28 f\u00e9vrier 2025<\/label>\n            <\/div>\n        <\/div>\n\n        <div class=\"training\" id=\"formation3\">\n            <div class=\"session\">\n                <input type=\"radio\" id=\"sessionAdmin1\" name=\"sessionAdmin\" value=\"Session \u00e0 venir\" onchange=\"updateSessionValue(this)\">\n                <label for=\"sessionAdmin1\">Session \u00e0 venir<\/label>\n            <\/div>\n        <\/div>\n        \n        <div class=\"training\" id=\"formation4\">\n            <div class=\"session\">\n                <input type=\"radio\" id=\"sessionData1\" name=\"sessionData\" value=\"09 dec-28 fev 2025\" onchange=\"updateSessionValue(this)\">\n                <label for=\"sessionData1\">09 Decembre 2024 au 28 f\u00e9vrier 2025<\/label>\n            <\/div>\n        <\/div>\n        \n        <div class=\"training\" id=\"formation5\">\n            <div class=\"session\">\n                <input type=\"radio\" id=\"sessionDev1\" name=\"sessionDev\" value=\"19 mai 2025-19 mar 2026\" onchange=\"updateSessionValue(this)\">\n                <label for=\"sessionDev1\">13 Juin 2025 au 17 Avril 2026<\/label>\n            <\/div>\n        <\/div>\n    <\/form>\n\n    <script>\n    function showSessions() {\n        \/\/ Masquer toutes les formations\n        document.querySelectorAll('.training').forEach(t => t.style.display = 'none');\n        \n        \/\/ Mettre \u00e0 jour le champ cach\u00e9 de la formation principale\n        const mainSelect = document.getElementById('trainingSelect');\n        const mainTrainingValue = mainSelect.options[mainSelect.selectedIndex].text;\n        document.getElementById('selected_main_training').value = mainTrainingValue;\n        \n        \/\/ R\u00e9initialiser les champs li\u00e9s\n        document.getElementById('selected_sub_training').value = '';\n        document.getElementById('selected_session').value = '';\n        \n        \/\/ Afficher la formation s\u00e9lectionn\u00e9e\n        const selectedTraining = document.getElementById(mainSelect.value);\n        if (selectedTraining) {\n            selectedTraining.style.display = 'block';\n        }\n    }\n\n    function showSessionDates() {\n        \/\/ Masquer toutes les sessions\n        document.querySelectorAll('.sessionDates').forEach(s => s.style.display = 'none');\n        \n        \/\/ Mettre \u00e0 jour le champ cach\u00e9 de la sous-formation\n        const toolSelect = document.getElementById('toolSelect');\n        document.getElementById('selected_sub_training').value = toolSelect.value;\n        \n        \/\/ Afficher les sessions correspondantes\n        if (toolSelect.value) {\n            const sessionDiv = document.getElementById('sessionDates' + toolSelect.value);\n            if (sessionDiv) {\n                sessionDiv.style.display = 'block';\n            }\n        }\n    }\n\n    function updateSessionValue(radio) {\n        \/\/ Mettre \u00e0 jour le champ cach\u00e9 de la session choisie\n        document.getElementById('selected_session').value = radio.value;\n    }\n\n    \/\/ Initialisation\n    document.addEventListener('DOMContentLoaded', function() {\n        \/\/ Mettre \u00e0 jour les champs cach\u00e9s quand les s\u00e9lections changent\n        document.getElementById('trainingSelect').addEventListener('change', function() {\n            const mainSelect = document.getElementById('trainingSelect');\n            document.getElementById('selected_main_training').value = mainSelect.options[mainSelect.selectedIndex].text;\n        });\n        \n        document.getElementById('toolSelect').addEventListener('change', function() {\n            document.getElementById('selected_sub_training').value = this.value;\n        });\n        \n        \/\/ \u00c9couteurs pour les boutons radio\n        document.querySelectorAll('input[type=\"radio\"][name^=\"session\"]').forEach(radio => {\n            radio.addEventListener('change', function() {\n                document.getElementById('selected_session').value = this.value;\n            });\n        });\n    });\n    <\/script>\n<\/body>\n<\/html>\t\t\t\t<\/div>\n\t\t\t\t\t\t\t\t<div class=\"elementor-field-type-text elementor-field-group elementor-column elementor-field-group-name elementor-col-50 elementor-field-required\">\n\t\t\t\t\t\t\t\t\t\t\t\t<label for=\"form-field-name\" class=\"elementor-field-label\">\n\t\t\t\t\t\t\t\tNom\t\t\t\t\t\t\t<\/label>\n\t\t\t\t\t\t\t\t\t\t\t\t\t\t<input size=\"1\" type=\"text\" name=\"form_fields[name]\" id=\"form-field-name\" class=\"elementor-field elementor-size-xs  elementor-field-textual\" required=\"required\">\n\t\t\t\t\t\t\t\t\t\t\t<\/div>\n\t\t\t\t\t\t\t\t<div class=\"elementor-field-type-text elementor-field-group elementor-column elementor-field-group-email elementor-col-50 elementor-field-required\">\n\t\t\t\t\t\t\t\t\t\t\t\t<label for=\"form-field-email\" class=\"elementor-field-label\">\n\t\t\t\t\t\t\t\tPr\u00e9nom\t\t\t\t\t\t\t<\/label>\n\t\t\t\t\t\t\t\t\t\t\t\t\t\t<input size=\"1\" type=\"text\" name=\"form_fields[email]\" id=\"form-field-email\" class=\"elementor-field elementor-size-xs  elementor-field-textual\" required=\"required\">\n\t\t\t\t\t\t\t\t\t\t\t<\/div>\n\t\t\t\t\t\t\t\t<div class=\"elementor-field-type-tel elementor-field-group elementor-column elementor-field-group-field_f226f46 elementor-col-50 elementor-field-required\">\n\t\t\t\t\t\t\t\t\t\t\t\t<label for=\"form-field-field_f226f46\" class=\"elementor-field-label\">\n\t\t\t\t\t\t\t\tT\u00e9l\u00e9phone\t\t\t\t\t\t\t<\/label>\n\t\t\t\t\t\t\t\t<input size=\"1\" type=\"tel\" name=\"form_fields[field_f226f46]\" id=\"form-field-field_f226f46\" class=\"elementor-field elementor-size-xs  elementor-field-textual\" required=\"required\" pattern=\"[0-9()#&amp;+*-=.]+\" title=\"Seuls les caract\u00e8res de num\u00e9ros de t\u00e9l\u00e9phone (#, -, *, etc.) sont accept\u00e9s.\">\n\n\t\t\t\t\t\t<\/div>\n\t\t\t\t\t\t\t\t<div class=\"elementor-field-type-email elementor-field-group elementor-column elementor-field-group-field_89995fa elementor-col-50 elementor-field-required\">\n\t\t\t\t\t\t\t\t\t\t\t\t<label for=\"form-field-field_89995fa\" class=\"elementor-field-label\">\n\t\t\t\t\t\t\t\tEmail\t\t\t\t\t\t\t<\/label>\n\t\t\t\t\t\t\t\t\t\t\t\t\t\t<input size=\"1\" type=\"email\" name=\"form_fields[field_89995fa]\" id=\"form-field-field_89995fa\" class=\"elementor-field elementor-size-xs  elementor-field-textual\" required=\"required\">\n\t\t\t\t\t\t\t\t\t\t\t<\/div>\n\t\t\t\t\t\t\t\t<div class=\"elementor-field-type-text elementor-field-group elementor-column elementor-field-group-field_980537c elementor-col-50 elementor-field-required\">\n\t\t\t\t\t\t\t\t\t\t\t\t<label for=\"form-field-field_980537c\" class=\"elementor-field-label\">\n\t\t\t\t\t\t\t\tAdresse postale\t\t\t\t\t\t\t<\/label>\n\t\t\t\t\t\t\t\t\t\t\t\t\t\t<input size=\"1\" type=\"text\" name=\"form_fields[field_980537c]\" id=\"form-field-field_980537c\" class=\"elementor-field elementor-size-xs  elementor-field-textual\" required=\"required\">\n\t\t\t\t\t\t\t\t\t\t\t<\/div>\n\t\t\t\t\t\t\t\t<div class=\"elementor-field-type-text elementor-field-group elementor-column elementor-field-group-field_087e503 elementor-col-50 elementor-field-required\">\n\t\t\t\t\t\t\t\t\t\t\t\t<label for=\"form-field-field_087e503\" class=\"elementor-field-label\">\n\t\t\t\t\t\t\t\tCode postale \/ Ville\t\t\t\t\t\t\t<\/label>\n\t\t\t\t\t\t\t\t\t\t\t\t\t\t<input size=\"1\" type=\"text\" name=\"form_fields[field_087e503]\" id=\"form-field-field_087e503\" class=\"elementor-field elementor-size-xs  elementor-field-textual\" placeholder=\"75000, Paris\" required=\"required\">\n\t\t\t\t\t\t\t\t\t\t\t<\/div>\n\t\t\t\t\t\t\t\t<div class=\"elementor-field-group elementor-column elementor-field-type-submit elementor-col-100 e-form__buttons\">\n\t\t\t\t\t<button class=\"elementor-button elementor-size-md\" type=\"submit\">\n\t\t\t\t\t\t<span class=\"elementor-button-content-wrapper\">\n\t\t\t\t\t\t\t\t\t\t\t\t\t\t\t\t\t\t\t\t\t\t<span class=\"elementor-button-text\">Envoyer<\/span>\n\t\t\t\t\t\t\t\t\t\t\t\t\t<\/span>\n\t\t\t\t\t<\/button>\n\t\t\t\t<\/div>\n\t\t\t<\/div>\n\t\t<\/form>\n\t\t\t\t\t\t<\/div>\n\t\t\t\t<\/div>\n\t\t\t\t\t<\/div>\n\t\t\t\t<\/div>\n\t\t\t\t\t<\/div>\n\t\t\t\t<\/div>\n\t\t<div data-particle_enable=\"false\" data-particle-mobile-disabled=\"false\" class=\"elementor-element elementor-element-ae6b8c9 e-flex e-con-boxed wpr-particle-no wpr-jarallax-no wpr-parallax-no wpr-sticky-section-no e-con e-parent\" data-id=\"ae6b8c9\" data-element_type=\"container\">\n\t\t\t\t\t<div class=\"e-con-inner\">\n\t\t\t\t\t<\/div>\n\t\t\t\t<\/div>\n\t\t<div data-particle_enable=\"false\" data-particle-mobile-disabled=\"false\" class=\"elementor-element elementor-element-225178e e-flex e-con-boxed wpr-particle-no wpr-jarallax-no wpr-parallax-no wpr-sticky-section-no e-con e-parent\" data-id=\"225178e\" data-element_type=\"container\">\n\t\t\t\t\t<div class=\"e-con-inner\">\n\t\t\t\t\t<\/div>\n\t\t\t\t<\/div>\n\t\t\t\t<\/div>\n\t\t","protected":false},"excerpt":{"rendered":"<p>Pr\u00e9 inscription \u00a0 \u00a0Si vous souhaitez vous inscrire, suivez les \u00e9tapes suivantes: 1. Pr\u00e9-inscription : Remplissez ci-dessous le formulaire de pr\u00e9-inscription en ligne. C\u2019est rapide et facile.2. Une fois votre pr\u00e9-inscription re\u00e7ue par mail, notre \u00e9quipe vous appellera pour mieux vous connaitre, \u00e9changer et\u00a0 \u00a0 \u00a0discuter de vos attentes de la formation ainsi que de valid\u00e9 avec vous les pr\u00e9-requis pour r\u00e9aliser notre formation.3. Validation: Si tout est en ordre, f\u00e9licitations! Vous serez officiellement inscrit(e) et pr\u00eat(e) pour cette nouvelle aventure!\u00a0 \u00a0\u00a0 \u00a0Le d\u00e9lais d\u2019inscription est de 14 jours ouvr\u00e9s avant la date de formation s\u2019il reste des places disponibles. \u00a0 Coordonn\u00e9es<\/p>\n","protected":false},"author":1,"featured_media":0,"parent":0,"menu_order":0,"comment_status":"closed","ping_status":"closed","template":"","meta":{"_kad_post_transparent":"","_kad_post_title":"hide","_kad_post_layout":"fullwidth","_kad_post_sidebar_id":"","_kad_post_content_style":"unboxed","_kad_post_vertical_padding":"hide","_kad_post_feature":"hide","_kad_post_feature_position":"","_kad_post_header":false,"_kad_post_footer":false,"footnotes":""},"class_list":["post-1116","page","type-page","status-publish","hentry"],"_links":{"self":[{"href":"https:\/\/fcconsultingformation.fr\/index.php?rest_route=\/wp\/v2\/pages\/1116","targetHints":{"allow":["GET"]}}],"collection":[{"href":"https:\/\/fcconsultingformation.fr\/index.php?rest_route=\/wp\/v2\/pages"}],"about":[{"href":"https:\/\/fcconsultingformation.fr\/index.php?rest_route=\/wp\/v2\/types\/page"}],"author":[{"embeddable":true,"href":"https:\/\/fcconsultingformation.fr\/index.php?rest_route=\/wp\/v2\/users\/1"}],"replies":[{"embeddable":true,"href":"https:\/\/fcconsultingformation.fr\/index.php?rest_route=%2Fwp%2Fv2%2Fcomments&post=1116"}],"version-history":[{"count":45,"href":"https:\/\/fcconsultingformation.fr\/index.php?rest_route=\/wp\/v2\/pages\/1116\/revisions"}],"predecessor-version":[{"id":8834,"href":"https:\/\/fcconsultingformation.fr\/index.php?rest_route=\/wp\/v2\/pages\/1116\/revisions\/8834"}],"wp:attachment":[{"href":"https:\/\/fcconsultingformation.fr\/index.php?rest_route=%2Fwp%2Fv2%2Fmedia&parent=1116"}],"curies":[{"name":"wp","href":"https:\/\/api.w.org\/{rel}","templated":true}]}}