{"id":1300,"date":"2023-11-07T15:56:18","date_gmt":"2023-11-07T14:56:18","guid":{"rendered":"https:\/\/fcconsultingformation.fr\/?page_id=1300"},"modified":"2025-09-09T16:17:56","modified_gmt":"2025-09-09T14:17:56","slug":"politique-de-protection-de-donnees","status":"publish","type":"page","link":"https:\/\/fcconsultingformation.fr\/?page_id=1300","title":{"rendered":"Politique de protection de donn\u00e9es"},"content":{"rendered":"\t\t<div data-elementor-type=\"wp-page\" data-elementor-id=\"1300\" class=\"elementor elementor-1300\" data-elementor-post-type=\"page\">\n\t\t\t\t<div data-particle_enable=\"false\" data-particle-mobile-disabled=\"false\" class=\"elementor-element elementor-element-97022b4 e-flex e-con-boxed wpr-particle-no wpr-jarallax-no wpr-parallax-no wpr-sticky-section-no e-con e-parent\" data-id=\"97022b4\" data-element_type=\"container\">\n\t\t\t\t\t<div class=\"e-con-inner\">\n\t\t\t\t\t<\/div>\n\t\t\t\t<\/div>\n\t\t<div data-particle_enable=\"false\" data-particle-mobile-disabled=\"false\" class=\"elementor-element elementor-element-c28b873 e-flex e-con-boxed wpr-particle-no wpr-jarallax-no wpr-parallax-no wpr-sticky-section-no e-con e-parent\" data-id=\"c28b873\" data-element_type=\"container\">\n\t\t\t\t\t<div class=\"e-con-inner\">\n\t\t\t\t<div class=\"elementor-element elementor-element-29cc181 elementor-widget elementor-widget-text-editor\" data-id=\"29cc181\" data-element_type=\"widget\" data-widget_type=\"text-editor.default\">\n\t\t\t\t<div class=\"elementor-widget-container\">\n\t\t\t\t\t\t\t\t\t<h3 style=\"text-align: center;\"><span style=\"color: #000000;\"><strong>Politique de protection des donn\u00e9es personnelles et de s\u00e9curit\u00e9\u00a0<\/strong><\/span><\/h3><h3 style=\"text-align: center;\"><strong style=\"background-color: transparent; font-size: 22px; color: #000000;\">Engagement de FC Consulting (P\u00f4le Formation)<\/strong><\/h3><p><span style=\"background-color: transparent; color: #000000;\">FC Consulting s\u2019engage \u00e0 assurer la protection des donn\u00e9es personnelles conform\u00e9ment au <\/span><strong style=\"background-color: transparent; color: #000000;\">R\u00e8glement G\u00e9n\u00e9ral sur la Protection des Donn\u00e9es (RGPD)<\/strong><span style=\"background-color: transparent; color: #000000;\"> et \u00e0 la <\/span><strong style=\"background-color: transparent; color: #000000;\">directive europ\u00e9enne NIS2<\/strong><span style=\"background-color: transparent; color: #000000;\"> relative \u00e0 la s\u00e9curit\u00e9 des r\u00e9seaux et syst\u00e8mes d\u2019information.<\/span><\/p><p><span style=\"background-color: transparent; color: #000000;\">Notre objectif est de garantir :<\/span><\/p><ul><li><span style=\"color: #000000;\">une <strong>collecte transparente<\/strong> des donn\u00e9es,<\/span><\/li><li><span style=\"color: #000000;\">une <strong>utilisation limit\u00e9e aux finalit\u00e9s pr\u00e9vues<\/strong>,<\/span><\/li><li><span style=\"color: #000000;\">une <strong>conservation proportionn\u00e9e dans le temps<\/strong>,<\/span><\/li><li><span style=\"color: #000000;\">une <strong>s\u00e9curit\u00e9 renforc\u00e9e<\/strong> contre tout acc\u00e8s non autoris\u00e9, perte ou divulgation.<\/span><\/li><\/ul><h3><strong style=\"color: #000000;\">Quelles donn\u00e9es collectons-nous ?<\/strong><\/h3><p><span style=\"color: #000000;\">Dans le cadre de l\u2019inscription et du suivi des \u00e9tudiants, nous collectons uniquement les donn\u00e9es n\u00e9cessaires :<\/span><\/p><ul><li><span style=\"color: #000000;\">Nom et pr\u00e9nom<\/span><\/li><li><span style=\"color: #000000;\">Adresse e-mail<\/span><\/li><li><span style=\"color: #000000;\">Num\u00e9ro de t\u00e9l\u00e9phone<\/span><\/li><li><span style=\"color: #000000;\">Adresse postale compl\u00e8te<\/span><\/li><\/ul><p><span style=\"color: #000000;\">Aucune donn\u00e9e sensible (ex. sant\u00e9, situation sociale, religion) n\u2019est collect\u00e9e sans n\u00e9cessit\u00e9 l\u00e9gale ou consentement explicite.<\/span><\/p><h3><strong style=\"color: #000000;\">Finalit\u00e9s et bases l\u00e9gales<\/strong><\/h3><p><span style=\"color: #000000;\">Les donn\u00e9es sont utilis\u00e9es uniquement pour :<\/span><\/p><ul><li><span style=\"color: #000000;\">la gestion administrative des inscriptions et formations (ex\u00e9cution du contrat),<\/span><\/li><li><span style=\"color: #000000;\">la mise \u00e0 disposition de l\u2019espace \u00e9tudiant (int\u00e9r\u00eat l\u00e9gitime),<\/span><\/li><li><span style=\"color: #000000;\">la communication avec l\u2019\u00e9tudiant, son tuteur d\u2019entreprise et ses financeurs (obligation l\u00e9gale et int\u00e9r\u00eat contractuel).<\/span><\/li><\/ul><h3><strong style=\"color: #000000;\">Dur\u00e9es de conservation<\/strong><\/h3><ul><li><span style=\"color: #000000;\"><strong>\u00c9tudiants<\/strong> : les donn\u00e9es sont conserv\u00e9es par l\u2019administration pendant 5 ans apr\u00e8s la fin de la formation.<\/span><\/li><li><span style=\"color: #000000;\"><strong>Espace \u00e9tudiant<\/strong> : les donn\u00e9es d\u2019identification (nom, pr\u00e9nom, e-mail, t\u00e9l\u00e9phone, adresse) sont conserv\u00e9es \u00e0 vie, afin de garantir un acc\u00e8s permanent \u00e0 l\u2019espace \u00e9tudiant, sauf demande explicite de suppression par l\u2019\u00e9tudiant.<\/span><\/li><li><span style=\"color: #000000;\"><strong>Profils des \u00e9tudiants non retenus<\/strong> : suppression automatique des donn\u00e9es au bout de 3 mois.<\/span><\/li><\/ul><h3><strong style=\"color: #000000;\">Partage des donn\u00e9es<\/strong><\/h3><p><span style=\"color: #000000;\">Les donn\u00e9es personnelles des \u00e9tudiants ne sont jamais vendues ni lou\u00e9es.<\/span><\/p><p><span style=\"color: #000000;\">Elles peuvent \u00eatre partag\u00e9es uniquement avec :<\/span><\/p><ul><li><span style=\"color: #000000;\">l\u2019entreprise d\u2019accueil dans le cadre d\u2019une alternance,<\/span><\/li><li><span style=\"color: #000000;\">le tuteur en entreprise,<\/span><\/li><li><span style=\"color: #000000;\">les partenaires de financement (ex. OPCO, organismes publics).<\/span><\/li><\/ul><p><span style=\"color: #000000;\">Tout partage est limit\u00e9 au strict n\u00e9cessaire et encadr\u00e9 par des accords de confidentialit\u00e9.<\/span><\/p><h3><strong style=\"color: #000000;\">S\u00e9curit\u00e9 et conformit\u00e9 NIS2<\/strong><\/h3><p><span style=\"color: #000000;\">FC Consulting met en place des mesures techniques et organisationnelles afin de prot\u00e9ger les donn\u00e9es :<\/span><\/p><ul><li><span style=\"color: #000000;\">H\u00e9bergement des donn\u00e9es dans l\u2019Union Europ\u00e9enne,<\/span><\/li><li><span style=\"color: #000000;\">Sauvegardes chiffr\u00e9es et contr\u00f4l\u00e9es,<\/span><\/li><li><span style=\"color: #000000;\">Authentification renforc\u00e9e pour l\u2019acc\u00e8s aux espaces \u00e9tudiants,<\/span><\/li><li><span style=\"color: #000000;\">Gestion stricte des habilitations (acc\u00e8s r\u00e9serv\u00e9 uniquement au personnel autoris\u00e9),<\/span><\/li><li><span style=\"color: #000000;\">Journalisation et surveillance des acc\u00e8s aux bases de donn\u00e9es,<\/span><\/li><li><span style=\"color: #000000;\">Plan de r\u00e9ponse en cas d\u2019incident de s\u00e9curit\u00e9 ou de violation de donn\u00e9es, conform\u00e9ment \u00e0 la directive NIS2 et aux exigences de la CNIL.<\/span><\/li><\/ul><p><span style=\"color: #000000;\">En cas de violation de donn\u00e9es \u00e0 caract\u00e8re personnel, les \u00e9tudiants concern\u00e9s et la CNIL seront notifi\u00e9s dans les d\u00e9lais l\u00e9gaux (72 heures maximum).<\/span><\/p><h3><strong style=\"color: #000000;\">Cookies et suivi en ligne<\/strong><\/h3><p><span style=\"color: #000000;\">Notre site utilise :<\/span><\/p><ul><li><span style=\"color: #000000;\">des <strong>cookies n\u00e9cessaires<\/strong> au bon fonctionnement du site (indispensables),<\/span><\/li><li><span style=\"color: #000000;\">des <strong>cookies analytiques<\/strong> (mesure d\u2019audience, Google Analytics) soumis \u00e0 votre consentement,<\/span><\/li><li><span style=\"color: #000000;\">\u00e9ventuellement des <strong>cookies fonctionnels et de personnalisation<\/strong> pour am\u00e9liorer votre exp\u00e9rience.<\/span><\/li><\/ul><h3><span style=\"color: #000000;\"><strong>Gestion et d\u00e9sactivation des cookies<\/strong><\/span><\/h3><p><span style=\"color: #000000;\">Vous pouvez \u00e0 tout moment d\u00e9sactiver les cookies en s\u00e9lectionnant les param\u00e8tres appropri\u00e9s de votre navigateur (la rubrique d\u2019aide du navigateur utilis\u00e9 pr\u00e9cise la marche \u00e0 suivre).<\/span><\/p><ul><li><span style=\"color: #000000;\">Si vous <strong>d\u00e9sactivez<\/strong> les cookies, un cookie de refus sera d\u00e9pos\u00e9 sur votre ordinateur afin que FC Consulting enregistre votre choix.<\/span><\/li><li><span style=\"color: #000000;\">Si vous <strong>acceptez<\/strong> les cookies, un cookie de consentement sera install\u00e9 sur votre ordinateur.<\/span><\/li><\/ul><p><span style=\"color: #000000;\">\u00a0La d\u00e9sactivation des cookies peut r\u00e9duire ou emp\u00eacher l\u2019accessibilit\u00e9 \u00e0 certaines fonctions de notre site.<\/span><\/p><h3><span style=\"color: #000000;\"><strong>Param\u00e9trage du navigateur<\/strong><\/span><\/h3><p><span style=\"color: #000000;\">Vous pouvez configurer votre navigateur de mani\u00e8re \u00e0 :<\/span><\/p><ul><li><span style=\"color: #000000;\">accepter ou refuser les cookies syst\u00e9matiquement,<\/span><\/li><li><span style=\"color: #000000;\">accepter ou refuser les cookies selon leur \u00e9metteur,<\/span><\/li><li><span style=\"color: #000000;\">supprimer r\u00e9guli\u00e8rement les cookies enregistr\u00e9s.<\/span><\/li><\/ul><p><span style=\"color: #000000;\">N\u2019oubliez pas de param\u00e9trer tous vos navigateurs si vous utilisez plusieurs terminaux.<\/span><\/p><p><span style=\"color: #000000;\">Pour vous aider, voici les proc\u00e9dures pour les principaux navigateurs :<\/span><\/p><ul><li><span style=\"color: #3366ff;\"><a style=\"color: #3366ff;\" href=\"https:\/\/support.microsoft.com\/fr-fr\/microsoft-edge\/supprimer-les-cookies-dans-microsoft-edge-63947406-40ac-c3b8-57b9-2a946a29ae09\">Microsoft Edge<\/a><\/span><\/li><li><span style=\"color: #3366ff;\"><a style=\"color: #3366ff;\" href=\"https:\/\/support.apple.com\/fr-fr\/guide\/safari\/sfri11471\/mac\">Safari<\/a><\/span><\/li><li><span style=\"color: #000000;\"><a style=\"color: #000000;\" href=\"https:\/\/support.google.com\/chrome\/answer\/95647?hl=fr&amp;hlrm=en\"><span style=\"color: #3366ff;\">Chrome<\/span><\/a><\/span><\/li><li><span style=\"color: #000000;\"><a style=\"color: #000000;\" href=\"https:\/\/support.mozilla.org\/fr\/kb\/protection-renforcee-contre-pistage-firefox-ordinateur\"><span style=\"color: #3366ff;\">Firefox<\/span><\/a><\/span><\/li><li><span style=\"color: #3366ff;\"><a style=\"color: #3366ff;\" href=\"https:\/\/help.opera.com\/en\/latest\/web-preferences\/#cookies\">Opera<\/a><\/span><\/li><\/ul><p><span style=\"color: #000000;\">Pour plus d\u2019informations, vous pouvez consulter le site de la CNIL,<\/span><span style=\"color: #000000;\">\u00a0<a style=\"color: #000000;\" href=\"https:\/\/www.cnil.fr\/fr\/cookies-les-outils-pour-les-maitriser\">Cookies : <span style=\"color: #3366ff;\">les outils pour les ma\u00eetriser<\/span><\/a><\/span><\/p><h3><strong style=\"color: #000000;\">Vos droits<\/strong><\/h3><p><span style=\"color: #000000;\">Conform\u00e9ment au RGPD, chaque \u00e9tudiant dispose des droits suivants :<\/span><\/p><ul><li><span style=\"color: #000000;\"><strong>Acc\u00e8s<\/strong> \u00e0 ses donn\u00e9es,<\/span><\/li><li><span style=\"color: #000000;\"><strong>Rectification<\/strong> de ses donn\u00e9es inexactes,<\/span><\/li><li><span style=\"color: #000000;\"><strong>Effacement<\/strong> de ses donn\u00e9es (droit \u00e0 l\u2019oubli), sauf obligation l\u00e9gale contraire,<\/span><\/li><li><span style=\"color: #000000;\"><strong>Limitation<\/strong> du traitement,<\/span><\/li><li><span style=\"color: #000000;\"><strong>Opposition<\/strong> au traitement pour motifs l\u00e9gitimes,<\/span><\/li><li><span style=\"color: #000000;\"><strong>Portabilit\u00e9<\/strong> des donn\u00e9es (transfert sur demande).<\/span><\/li><\/ul><p><span style=\"color: #000000;\">Email:\u00a0<span style=\"color: #3366ff;\"><a style=\"color: #3366ff;\" href=\"mailto:contact@fcconsultingformation.com\">contact@fcconsultingformation.com<\/a><\/span><\/span><\/p><p><span style=\"color: #000000;\">T\u00e9l\u00e9phone: 0176523224<\/span><\/p><p><span style=\"color: #000000;\">Adresse Postale: FC Consulting \u2013 D\u00e9l\u00e9gu\u00e9 \u00e0 la protection des donn\u00e9es \u2013 46 Avenue Roger Hennequin, 78190 Trappes, France.<\/span><\/p><h3><strong style=\"color: #000000;\">Contact et r\u00e9clamations<\/strong><\/h3><p><span style=\"color: #000000;\">Pour toute question relative \u00e0 vos donn\u00e9es personnelles, vous pouvez contacter notre <strong>D\u00e9l\u00e9gu\u00e9 \u00e0 la protection des donn\u00e9es (DPO)<\/strong>.<\/span><\/p><p><span style=\"color: #000000;\">Vous pouvez \u00e9galement introduire une r\u00e9clamation aupr\u00e8s de la <strong>CNIL<\/strong> si vous estimez que vos droits ne sont pas respect\u00e9s.<\/span><\/p>\t\t\t\t\t\t\t\t<\/div>\n\t\t\t\t<\/div>\n\t\t\t\t\t<\/div>\n\t\t\t\t<\/div>\n\t\t\t\t<\/div>\n\t\t","protected":false},"excerpt":{"rendered":"<p>Politique de protection des donn\u00e9es personnelles et de s\u00e9curit\u00e9\u00a0 Engagement de FC Consulting (P\u00f4le Formation) FC Consulting s\u2019engage \u00e0 assurer la protection des donn\u00e9es personnelles conform\u00e9ment au R\u00e8glement G\u00e9n\u00e9ral sur la Protection des Donn\u00e9es (RGPD) et \u00e0 la directive europ\u00e9enne NIS2 relative \u00e0 la s\u00e9curit\u00e9 des r\u00e9seaux et syst\u00e8mes d\u2019information. Notre objectif est de garantir : une collecte transparente des donn\u00e9es, une utilisation limit\u00e9e aux finalit\u00e9s pr\u00e9vues, une conservation proportionn\u00e9e dans le temps, une s\u00e9curit\u00e9 renforc\u00e9e contre tout acc\u00e8s non autoris\u00e9, perte ou divulgation. Quelles donn\u00e9es collectons-nous ? Dans le cadre de l\u2019inscription et du suivi des \u00e9tudiants, nous collectons uniquement les donn\u00e9es n\u00e9cessaires : Nom et pr\u00e9nom Adresse e-mail Num\u00e9ro de t\u00e9l\u00e9phone Adresse postale compl\u00e8te Aucune donn\u00e9e sensible (ex. sant\u00e9, situation sociale, religion) n\u2019est collect\u00e9e sans n\u00e9cessit\u00e9 l\u00e9gale ou consentement explicite. Finalit\u00e9s et bases l\u00e9gales Les donn\u00e9es sont utilis\u00e9es uniquement pour : la gestion administrative des inscriptions et formations (ex\u00e9cution du contrat), la mise \u00e0 disposition de l\u2019espace \u00e9tudiant (int\u00e9r\u00eat l\u00e9gitime), la communication avec l\u2019\u00e9tudiant, son tuteur d\u2019entreprise et ses financeurs (obligation l\u00e9gale et int\u00e9r\u00eat contractuel). Dur\u00e9es de conservation \u00c9tudiants : les donn\u00e9es sont conserv\u00e9es par l\u2019administration pendant 5 ans apr\u00e8s la fin de la formation. Espace \u00e9tudiant : les donn\u00e9es d\u2019identification (nom, pr\u00e9nom, e-mail, t\u00e9l\u00e9phone, adresse) sont conserv\u00e9es \u00e0 vie, afin de garantir un acc\u00e8s permanent \u00e0 l\u2019espace \u00e9tudiant, sauf demande explicite de suppression par l\u2019\u00e9tudiant. Profils des \u00e9tudiants non retenus : suppression automatique des donn\u00e9es au bout de 3 mois. Partage des donn\u00e9es Les donn\u00e9es personnelles des \u00e9tudiants ne sont jamais vendues ni lou\u00e9es. Elles peuvent \u00eatre partag\u00e9es uniquement avec : l\u2019entreprise d\u2019accueil dans le cadre d\u2019une alternance, le tuteur en entreprise, les partenaires de financement (ex. OPCO, organismes publics). Tout partage est limit\u00e9 au strict n\u00e9cessaire et encadr\u00e9 par des accords de confidentialit\u00e9. S\u00e9curit\u00e9 et conformit\u00e9 NIS2 FC Consulting met en place des mesures techniques et organisationnelles afin de prot\u00e9ger les donn\u00e9es : H\u00e9bergement des donn\u00e9es dans l\u2019Union Europ\u00e9enne, Sauvegardes chiffr\u00e9es et contr\u00f4l\u00e9es, Authentification renforc\u00e9e pour l\u2019acc\u00e8s aux espaces \u00e9tudiants, Gestion stricte des habilitations (acc\u00e8s r\u00e9serv\u00e9 uniquement au personnel autoris\u00e9), Journalisation et surveillance des acc\u00e8s aux bases de donn\u00e9es, Plan de r\u00e9ponse en cas d\u2019incident de s\u00e9curit\u00e9 ou de violation de donn\u00e9es, conform\u00e9ment \u00e0 la directive NIS2 et aux exigences de la CNIL. En cas de violation de donn\u00e9es \u00e0 caract\u00e8re personnel, les \u00e9tudiants concern\u00e9s et la CNIL seront notifi\u00e9s dans les d\u00e9lais l\u00e9gaux (72 heures maximum). Cookies et suivi en ligne Notre site utilise : des cookies n\u00e9cessaires au bon fonctionnement du site (indispensables), des cookies analytiques (mesure d\u2019audience, Google Analytics) soumis \u00e0 votre consentement, \u00e9ventuellement des cookies fonctionnels et de personnalisation pour am\u00e9liorer votre exp\u00e9rience. Gestion et d\u00e9sactivation des cookies Vous pouvez \u00e0 tout moment d\u00e9sactiver les cookies en s\u00e9lectionnant les param\u00e8tres appropri\u00e9s de votre navigateur (la rubrique d\u2019aide du navigateur utilis\u00e9 pr\u00e9cise la marche \u00e0 suivre). Si vous d\u00e9sactivez les cookies, un cookie de refus sera d\u00e9pos\u00e9 sur votre ordinateur afin que FC Consulting enregistre votre choix. Si vous acceptez les cookies, un cookie de consentement sera install\u00e9 sur votre ordinateur. \u00a0La d\u00e9sactivation des cookies peut r\u00e9duire ou emp\u00eacher l\u2019accessibilit\u00e9 \u00e0 certaines fonctions de notre site. Param\u00e9trage du navigateur Vous pouvez configurer votre navigateur de mani\u00e8re \u00e0 : accepter ou refuser les cookies syst\u00e9matiquement, accepter ou refuser les cookies selon leur \u00e9metteur, supprimer r\u00e9guli\u00e8rement les cookies enregistr\u00e9s. N\u2019oubliez pas de param\u00e9trer tous vos navigateurs si vous utilisez plusieurs terminaux. Pour vous aider, voici les proc\u00e9dures pour les principaux navigateurs : Microsoft Edge Safari Chrome Firefox Opera Pour plus d\u2019informations, vous pouvez consulter le site de la CNIL,\u00a0Cookies : les outils pour les ma\u00eetriser Vos droits Conform\u00e9ment au RGPD, chaque \u00e9tudiant dispose des droits suivants : Acc\u00e8s \u00e0 ses donn\u00e9es, Rectification de ses donn\u00e9es inexactes, Effacement de ses donn\u00e9es (droit \u00e0 l\u2019oubli), sauf obligation l\u00e9gale contraire, Limitation du traitement, Opposition au traitement pour motifs l\u00e9gitimes, Portabilit\u00e9 des donn\u00e9es (transfert sur demande). Email:\u00a0contact@fcconsultingformation.com T\u00e9l\u00e9phone: 0176523224 Adresse Postale: FC Consulting \u2013 D\u00e9l\u00e9gu\u00e9 \u00e0 la protection des donn\u00e9es \u2013 46 Avenue Roger Hennequin, 78190 Trappes, France. Contact et r\u00e9clamations Pour toute question relative \u00e0 vos donn\u00e9es personnelles, vous pouvez contacter notre D\u00e9l\u00e9gu\u00e9 \u00e0 la protection des donn\u00e9es (DPO). Vous pouvez \u00e9galement introduire une r\u00e9clamation aupr\u00e8s de la CNIL si vous estimez que vos droits ne sont pas respect\u00e9s.<\/p>\n","protected":false},"author":1,"featured_media":0,"parent":0,"menu_order":0,"comment_status":"closed","ping_status":"closed","template":"","meta":{"_kad_post_transparent":"","_kad_post_title":"hide","_kad_post_layout":"fullwidth","_kad_post_sidebar_id":"","_kad_post_content_style":"unboxed","_kad_post_vertical_padding":"hide","_kad_post_feature":"hide","_kad_post_feature_position":"","_kad_post_header":false,"_kad_post_footer":false,"footnotes":""},"class_list":["post-1300","page","type-page","status-publish","hentry"],"_links":{"self":[{"href":"https:\/\/fcconsultingformation.fr\/index.php?rest_route=\/wp\/v2\/pages\/1300","targetHints":{"allow":["GET"]}}],"collection":[{"href":"https:\/\/fcconsultingformation.fr\/index.php?rest_route=\/wp\/v2\/pages"}],"about":[{"href":"https:\/\/fcconsultingformation.fr\/index.php?rest_route=\/wp\/v2\/types\/page"}],"author":[{"embeddable":true,"href":"https:\/\/fcconsultingformation.fr\/index.php?rest_route=\/wp\/v2\/users\/1"}],"replies":[{"embeddable":true,"href":"https:\/\/fcconsultingformation.fr\/index.php?rest_route=%2Fwp%2Fv2%2Fcomments&post=1300"}],"version-history":[{"count":12,"href":"https:\/\/fcconsultingformation.fr\/index.php?rest_route=\/wp\/v2\/pages\/1300\/revisions"}],"predecessor-version":[{"id":9048,"href":"https:\/\/fcconsultingformation.fr\/index.php?rest_route=\/wp\/v2\/pages\/1300\/revisions\/9048"}],"wp:attachment":[{"href":"https:\/\/fcconsultingformation.fr\/index.php?rest_route=%2Fwp%2Fv2%2Fmedia&parent=1300"}],"curies":[{"name":"wp","href":"https:\/\/api.w.org\/{rel}","templated":true}]}}