{"id":1344,"date":"2023-11-09T18:57:01","date_gmt":"2023-11-09T17:57:01","guid":{"rendered":"https:\/\/fcconsultingformation.fr\/?page_id=1344"},"modified":"2025-06-13T14:23:44","modified_gmt":"2025-06-13T12:23:44","slug":"formation-informatique-technien-administrateur-bureautique","status":"publish","type":"page","link":"https:\/\/fcconsultingformation.fr\/","title":{"rendered":"ACCUEIL"},"content":{"rendered":"\t\t<div data-elementor-type=\"wp-page\" data-elementor-id=\"1344\" class=\"elementor elementor-1344\" data-elementor-post-type=\"page\">\n\t\t\t\t<div data-particle_enable=\"false\" data-particle-mobile-disabled=\"false\" class=\"elementor-element elementor-element-18005f2a e-con-full e-flex wpr-particle-no wpr-jarallax-no wpr-parallax-no wpr-sticky-section-no e-con e-parent\" data-id=\"18005f2a\" data-element_type=\"container\" data-settings=\"{&quot;background_background&quot;:&quot;slideshow&quot;,&quot;background_slideshow_gallery&quot;:[{&quot;id&quot;:1305,&quot;url&quot;:&quot;https:\\\/\\\/fcconsultingformation.fr\\\/wp-content\\\/uploads\\\/2023\\\/11\\\/photo-de-fond-site-formation-1.png&quot;}],&quot;background_slideshow_loop&quot;:&quot;yes&quot;,&quot;background_slideshow_slide_duration&quot;:5000,&quot;background_slideshow_slide_transition&quot;:&quot;fade&quot;,&quot;background_slideshow_transition_duration&quot;:500}\">\n\t\t<div data-particle_enable=\"false\" data-particle-mobile-disabled=\"false\" class=\"elementor-element elementor-element-3d57b496 e-con-full e-flex wpr-particle-no wpr-jarallax-no wpr-parallax-no wpr-sticky-section-no e-con e-child\" data-id=\"3d57b496\" data-element_type=\"container\">\n\t\t\t\t<div class=\"elementor-element elementor-element-16907e8a elementor-widget__width-initial elementor-widget-tablet__width-inherit elementor-absolute elementor-widget elementor-widget-heading\" data-id=\"16907e8a\" data-element_type=\"widget\" data-settings=\"{&quot;_position&quot;:&quot;absolute&quot;}\" data-widget_type=\"heading.default\">\n\t\t\t\t<div class=\"elementor-widget-container\">\n\t\t\t\t\t<h2 class=\"elementor-heading-title elementor-size-default\">Explorez le monde de l'informatique <br>avec FC Consulting<br><br>Nos formations, votre succ\u00e8s !<\/h2>\t\t\t\t<\/div>\n\t\t\t\t<\/div>\n\t\t\t\t<div class=\"elementor-element elementor-element-e24f9e3 elementor-button-info elementor-absolute elementor-widget elementor-widget-button\" data-id=\"e24f9e3\" data-element_type=\"widget\" data-settings=\"{&quot;_position&quot;:&quot;absolute&quot;}\" data-widget_type=\"button.default\">\n\t\t\t\t<div class=\"elementor-widget-container\">\n\t\t\t\t\t\t\t\t\t<div class=\"elementor-button-wrapper\">\n\t\t\t\t\t<a class=\"elementor-button elementor-button-link elementor-size-md\" href=\"https:\/\/inscription.fcconsultingformation.fr\/\">\n\t\t\t\t\t\t<span class=\"elementor-button-content-wrapper\">\n\t\t\t\t\t\t<span class=\"elementor-button-icon\">\n\t\t\t\t<svg aria-hidden=\"true\" class=\"e-font-icon-svg e-fas-mouse-pointer\" viewBox=\"0 0 320 512\" xmlns=\"http:\/\/www.w3.org\/2000\/svg\"><path d=\"M302.189 329.126H196.105l55.831 135.993c3.889 9.428-.555 19.999-9.444 23.999l-49.165 21.427c-9.165 4-19.443-.571-23.332-9.714l-53.053-129.136-86.664 89.138C18.729 472.71 0 463.554 0 447.977V18.299C0 1.899 19.921-6.096 30.277 5.443l284.412 292.542c11.472 11.179 3.007 31.141-12.5 31.141z\"><\/path><\/svg>\t\t\t<\/span>\n\t\t\t\t\t\t\t\t\t<span class=\"elementor-button-text\">S'inscrire<\/span>\n\t\t\t\t\t<\/span>\n\t\t\t\t\t<\/a>\n\t\t\t\t<\/div>\n\t\t\t\t\t\t\t\t<\/div>\n\t\t\t\t<\/div>\n\t\t\t\t<\/div>\n\t\t\t\t<\/div>\n\t\t<div data-particle_enable=\"false\" data-particle-mobile-disabled=\"false\" class=\"elementor-element elementor-element-7c5fa3f e-flex e-con-boxed wpr-particle-no wpr-jarallax-no wpr-parallax-no wpr-sticky-section-no e-con e-parent\" data-id=\"7c5fa3f\" data-element_type=\"container\">\n\t\t\t\t\t<div class=\"e-con-inner\">\n\t\t\t\t<div class=\"elementor-element elementor-element-f87da88 elementor-widget elementor-widget-heading\" data-id=\"f87da88\" data-element_type=\"widget\" data-widget_type=\"heading.default\">\n\t\t\t\t<div class=\"elementor-widget-container\">\n\t\t\t\t\t<h2 class=\"elementor-heading-title elementor-size-default\"><br>Nos formations<\/h2>\t\t\t\t<\/div>\n\t\t\t\t<\/div>\n\t\t\t\t<div class=\"elementor-element elementor-element-b57ceaa elementor-widget elementor-widget-image\" data-id=\"b57ceaa\" data-element_type=\"widget\" data-widget_type=\"image.default\">\n\t\t\t\t<div class=\"elementor-widget-container\">\n\t\t\t\t\t\t\t\t\t\t\t\t\t\t\t<img fetchpriority=\"high\" decoding=\"async\" width=\"1024\" height=\"111\" src=\"https:\/\/fcconsultingformation.fr\/wp-content\/uploads\/2023\/10\/Capture-de\u0301cran-2023-10-09-a\u0300-13.40.35-copie-Copie-1024x111.png\" class=\"attachment-large size-large wp-image-131\" alt=\"\" srcset=\"https:\/\/fcconsultingformation.fr\/wp-content\/uploads\/2023\/10\/Capture-de\u0301cran-2023-10-09-a\u0300-13.40.35-copie-Copie-1024x111.png 1024w, https:\/\/fcconsultingformation.fr\/wp-content\/uploads\/2023\/10\/Capture-de\u0301cran-2023-10-09-a\u0300-13.40.35-copie-Copie-300x32.png 300w, https:\/\/fcconsultingformation.fr\/wp-content\/uploads\/2023\/10\/Capture-de\u0301cran-2023-10-09-a\u0300-13.40.35-copie-Copie-768x83.png 768w, https:\/\/fcconsultingformation.fr\/wp-content\/uploads\/2023\/10\/Capture-de\u0301cran-2023-10-09-a\u0300-13.40.35-copie-Copie.png 1334w\" sizes=\"(max-width: 1024px) 100vw, 1024px\" \/>\t\t\t\t\t\t\t\t\t\t\t\t\t\t\t<\/div>\n\t\t\t\t<\/div>\n\t\t\t\t\t<\/div>\n\t\t\t\t<\/div>\n\t\t<div data-particle_enable=\"false\" data-particle-mobile-disabled=\"false\" class=\"elementor-element elementor-element-0178b29 e-con-full e-flex wpr-particle-no wpr-jarallax-no wpr-parallax-no wpr-sticky-section-no e-con e-parent\" data-id=\"0178b29\" data-element_type=\"container\">\n\t\t\t\t<div class=\"elementor-element elementor-element-203e49a elementor-widget-mobile__width-initial wpr-adv-slider-columns-1 wpr-adv-slider-columns--tablet1 wpr-adv-slider-columns--mobile1 wpr-adv-slides-to-scroll-1 wpr-slider-dots-horizontal wpr-slider-nav-position-custom elementor-widget elementor-widget-wpr-advanced-slider\" data-id=\"203e49a\" data-element_type=\"widget\" data-settings=\"{&quot;slides_to_scroll&quot;:1,&quot;slider_loop&quot;:&quot;yes&quot;,&quot;slider_hide_video_content&quot;:&quot;yes&quot;,&quot;slider_video_btn_size&quot;:&quot;medium&quot;}\" data-widget_type=\"wpr-advanced-slider.default\">\n\t\t\t\t<div class=\"elementor-widget-container\">\n\t\t\t\t\t\n\t\t<!-- Advanced Slider -->\n\t\t<div class=\"wpr-advanced-slider-wrap\">\n\t\t\t\n\t\t\t<div class=\"wpr-advanced-slider\" dir=\"ltr\" data-slick=\"{&quot;rtl&quot;:false,&quot;infinite&quot;:true,&quot;speed&quot;:700,&quot;arrows&quot;:true,&quot;dots&quot;:true,&quot;autoplay&quot;:false,&quot;autoplaySpeed&quot;:0,&quot;pauseOnHover&quot;:&quot;&quot;,&quot;prevArrow&quot;:&quot;#wpr-slider-prev-203e49a&quot;,&quot;nextArrow&quot;:&quot;#wpr-slider-next-203e49a&quot;,&quot;vertical&quot;:false,&quot;adaptiveHeight&quot;:true}\" data-hide-video-content=\"yes\" data-video-btn-size=\"{&quot;widescreen&quot;:&quot;medium&quot;,&quot;desktop&quot;:&quot;medium&quot;,&quot;laptop&quot;:&quot;medium&quot;,&quot;tablet_extra&quot;:&quot;medium&quot;,&quot;tablet&quot;:&quot;medium&quot;,&quot;mobile_extra&quot;:&quot;medium&quot;,&quot;mobile&quot;:&quot;medium&quot;}\" data-slide-effect=\"slide\">\n\t\t\t\t<div class=\"wpr-slider-item elementor-repeater-item-9c73cc5\"><div class=\"wpr-slider-item-bg \" style=\"background-image: url(https:\/\/fcconsultingformation.fr\/wp-content\/uploads\/2023\/11\/Ordinateur-1-sans-fond-1.png)\"><\/div><div class=\"wpr-cv-container\"><a class=\"wpr-slider-item-url\" href=\"https:\/\/fcconsultingformation.fr\/?page_id=6301\"><\/a><div class=\"wpr-cv-outer\"><div class=\"wpr-cv-inner\"><div class=\"wpr-slider-content\"><div class=\"wpr-slider-description\"><p>Apprendre les outils de la bureautique<\/p><\/div><div class=\"wpr-slider-btns\"><a class=\"wpr-slider-primary-btn\" href=\"https:\/\/fcconsultingformation.fr\/?page_id=6301\">Formation<\/a><\/div><\/div><\/div><\/div><\/div><\/div><div class=\"wpr-slider-item elementor-repeater-item-dd980c1\"><div class=\"wpr-slider-item-bg \" style=\"background-image: url(https:\/\/fcconsultingformation.fr\/wp-content\/uploads\/2023\/11\/image1.png)\"><\/div><div class=\"wpr-cv-container\"><div class=\"wpr-cv-outer\"><div class=\"wpr-cv-inner\"><div class=\"wpr-slider-content\"><div class=\"wpr-slider-description\"><p>Technicien d'exploitation Niveau 1<\/p><\/div><div class=\"wpr-slider-btns\"><a class=\"wpr-slider-primary-btn\" href=\"https:\/\/fcconsultingformation.fr\/?page_id=18\">Formation<\/a><a class=\"wpr-slider-secondary-btn\" href=\"https:\/\/fcconsultingformation.fr\/?page_id=18\">M\u00e9tiers<\/a><\/div><\/div><\/div><\/div><\/div><\/div><div class=\"wpr-slider-item elementor-repeater-item-f5986aa\"><div class=\"wpr-slider-item-bg \" style=\"background-image: url(https:\/\/fcconsultingformation.fr\/wp-content\/uploads\/2023\/11\/image0-1.png)\"><\/div><div class=\"wpr-cv-container\"><div class=\"wpr-cv-outer\"><div class=\"wpr-cv-inner\"><div class=\"wpr-slider-content\"><div class=\"wpr-slider-description\"><p>Administrateur syst\u00e8me - Support N2<\/p><\/div><div class=\"wpr-slider-btns\"><a class=\"wpr-slider-primary-btn\" href=\"https:\/\/fcconsultingformation.fr\/?page_id=20\">Formation<\/a><a class=\"wpr-slider-secondary-btn\" href=\"https:\/\/fcconsultingformation.fr\/?page_id=20\">M\u00e9tiers<\/a><\/div><\/div><\/div><\/div><\/div><\/div>\t\t\t<\/div>\n\t\t\t<div class=\"wpr-slider-controls\">\n\t\t\t\t<div class=\"wpr-slider-dots\"><\/div>\n\t\t\t<\/div>\n\n\t\t\t<div class=\"wpr-slider-arrow-container\">\n\t\t\t\t<div class=\"wpr-slider-prev-arrow wpr-slider-arrow\" id=\"wpr-slider-prev-203e49a\">\n\t\t\t\t\t<svg version=\"1.1\" xmlns=\"http:\/\/www.w3.org\/2000\/svg\" xmlns:xlink=\"http:\/\/www.w3.org\/1999\/xlink\" x=\"0px\" y=\"0px\" viewBox=\"0 0 303.3 512\" style=\"enable-background:new 0 0 303.3 512;\" xml:space=\"preserve\"><g><polygon class=\"st0\" points=\"94.7,256 303.3,464.6 256,512 47.3,303.4 0,256 47.3,208.6 256,0 303.3,47.4 \"\/><\/g><\/svg>\t\t\t\t<\/div>\n\t\t\t\t<div class=\"wpr-slider-next-arrow wpr-slider-arrow\" id=\"wpr-slider-next-203e49a\">\n\t\t\t\t\t<svg version=\"1.1\" xmlns=\"http:\/\/www.w3.org\/2000\/svg\" xmlns:xlink=\"http:\/\/www.w3.org\/1999\/xlink\" x=\"0px\" y=\"0px\" viewBox=\"0 0 303.3 512\" style=\"enable-background:new 0 0 303.3 512;\" xml:space=\"preserve\"><g><polygon class=\"st0\" points=\"94.7,256 303.3,464.6 256,512 47.3,303.4 0,256 47.3,208.6 256,0 303.3,47.4 \"\/><\/g><\/svg>\t\t\t\t<\/div>\n\t\t\t<\/div>\n\t\t\t\n\t\t\t<a class=\"wpr-slider-scroll-btn\" ><\/a>\n\t\t<\/div>\n\t\t\t\t\t\t<\/div>\n\t\t\t\t<\/div>\n\t\t<div data-particle_enable=\"false\" data-particle-mobile-disabled=\"false\" class=\"elementor-element elementor-element-ce59386 e-flex e-con-boxed wpr-particle-no wpr-jarallax-no wpr-parallax-no wpr-sticky-section-no e-con e-child\" data-id=\"ce59386\" data-element_type=\"container\">\n\t\t\t\t\t<div class=\"e-con-inner\">\n\t\t\t\t\t<\/div>\n\t\t\t\t<\/div>\n\t\t\t\t<\/div>\n\t\t<div data-particle_enable=\"false\" data-particle-mobile-disabled=\"false\" class=\"elementor-element elementor-element-92ab2fd e-flex e-con-boxed wpr-particle-no wpr-jarallax-no wpr-parallax-no wpr-sticky-section-no e-con e-parent\" data-id=\"92ab2fd\" data-element_type=\"container\">\n\t\t\t\t\t<div class=\"e-con-inner\">\n\t\t<div data-particle_enable=\"false\" data-particle-mobile-disabled=\"false\" class=\"elementor-element elementor-element-2f625d1 e-flex e-con-boxed wpr-particle-no wpr-jarallax-no wpr-parallax-no wpr-sticky-section-no e-con e-child\" data-id=\"2f625d1\" data-element_type=\"container\">\n\t\t\t\t\t<div class=\"e-con-inner\">\n\t\t\t\t\t<\/div>\n\t\t\t\t<\/div>\n\t\t\t\t\t<\/div>\n\t\t\t\t<\/div>\n\t\t<div data-particle_enable=\"false\" data-particle-mobile-disabled=\"false\" class=\"elementor-element elementor-element-38cebbe e-flex e-con-boxed wpr-particle-no wpr-jarallax-no wpr-parallax-no wpr-sticky-section-no e-con e-parent\" data-id=\"38cebbe\" data-element_type=\"container\">\n\t\t\t\t\t<div class=\"e-con-inner\">\n\t\t\t\t\t<\/div>\n\t\t\t\t<\/div>\n\t\t<div data-particle_enable=\"false\" data-particle-mobile-disabled=\"false\" class=\"elementor-element elementor-element-6e99abb e-flex e-con-boxed wpr-particle-no wpr-jarallax-no wpr-parallax-no wpr-sticky-section-no e-con e-parent\" data-id=\"6e99abb\" data-element_type=\"container\" data-settings=\"{&quot;background_background&quot;:&quot;classic&quot;}\">\n\t\t\t\t\t<div class=\"e-con-inner\">\n\t\t\t\t<div class=\"elementor-element elementor-element-2b65383 elementor-widget elementor-widget-heading\" data-id=\"2b65383\" data-element_type=\"widget\" data-widget_type=\"heading.default\">\n\t\t\t\t<div class=\"elementor-widget-container\">\n\t\t\t\t\t<h2 class=\"elementor-heading-title elementor-size-default\"><br>Avec nos formations, vous disposerez de :\n\n\n\n\n<\/h2>\t\t\t\t<\/div>\n\t\t\t\t<\/div>\n\t\t\t\t<div class=\"elementor-element elementor-element-719c701 elementor-widget elementor-widget-image\" data-id=\"719c701\" data-element_type=\"widget\" data-widget_type=\"image.default\">\n\t\t\t\t<div class=\"elementor-widget-container\">\n\t\t\t\t\t\t\t\t\t\t\t\t\t\t\t<img decoding=\"async\" width=\"365\" height=\"24\" src=\"https:\/\/fcconsultingformation.fr\/wp-content\/uploads\/2023\/10\/trait-bleu.png\" class=\"attachment-large size-large wp-image-152\" alt=\"\" srcset=\"https:\/\/fcconsultingformation.fr\/wp-content\/uploads\/2023\/10\/trait-bleu.png 365w, https:\/\/fcconsultingformation.fr\/wp-content\/uploads\/2023\/10\/trait-bleu-300x20.png 300w\" sizes=\"(max-width: 365px) 100vw, 365px\" \/>\t\t\t\t\t\t\t\t\t\t\t\t\t\t\t<\/div>\n\t\t\t\t<\/div>\n\t\t\t\t\t<\/div>\n\t\t\t\t<\/div>\n\t\t<div data-particle_enable=\"false\" data-particle-mobile-disabled=\"false\" class=\"elementor-element elementor-element-115e63a e-flex e-con-boxed wpr-particle-no wpr-jarallax-no wpr-parallax-no wpr-sticky-section-no e-con e-parent\" data-id=\"115e63a\" data-element_type=\"container\" data-settings=\"{&quot;background_background&quot;:&quot;classic&quot;}\">\n\t\t\t\t\t<div class=\"e-con-inner\">\n\t\t\t\t<div class=\"elementor-element elementor-element-a1ac972 elementor-widget elementor-widget-text-editor\" data-id=\"a1ac972\" data-element_type=\"widget\" data-widget_type=\"text-editor.default\">\n\t\t\t\t<div class=\"elementor-widget-container\">\n\t\t\t\t\t\t\t\t\t<p>\u00a0<\/p><p>\u00a0<\/p>\t\t\t\t\t\t\t\t<\/div>\n\t\t\t\t<\/div>\n\t\t\t\t\t<\/div>\n\t\t\t\t<\/div>\n\t\t<div data-particle_enable=\"false\" data-particle-mobile-disabled=\"false\" class=\"elementor-element elementor-element-26b2c5d e-flex e-con-boxed wpr-particle-no wpr-jarallax-no wpr-parallax-no wpr-sticky-section-no e-con e-parent\" data-id=\"26b2c5d\" data-element_type=\"container\" data-settings=\"{&quot;background_background&quot;:&quot;classic&quot;}\">\n\t\t\t\t\t<div class=\"e-con-inner\">\n\t\t\t\t<div class=\"elementor-element elementor-element-1c0a18e elementor-widget elementor-widget-image-gallery\" data-id=\"1c0a18e\" data-element_type=\"widget\" data-widget_type=\"image-gallery.default\">\n\t\t\t\t<div class=\"elementor-widget-container\">\n\t\t\t\t\t\t\t<div class=\"elementor-image-gallery\">\n\t\t\t<div id='gallery-1' class='gallery galleryid-1344 gallery-columns-3 gallery-size-large'><figure class='gallery-item'>\n\t\t\t<div class='gallery-icon landscape'>\n\t\t\t\t<img decoding=\"async\" width=\"1024\" height=\"676\" src=\"https:\/\/fcconsultingformation.fr\/wp-content\/uploads\/2023\/10\/Image-site-formation_partie-avec-nos-formations-1-1024x676.jpg\" class=\"attachment-large size-large\" alt=\"\" aria-describedby=\"gallery-1-139\" srcset=\"https:\/\/fcconsultingformation.fr\/wp-content\/uploads\/2023\/10\/Image-site-formation_partie-avec-nos-formations-1-1024x676.jpg 1024w, https:\/\/fcconsultingformation.fr\/wp-content\/uploads\/2023\/10\/Image-site-formation_partie-avec-nos-formations-1-300x198.jpg 300w, https:\/\/fcconsultingformation.fr\/wp-content\/uploads\/2023\/10\/Image-site-formation_partie-avec-nos-formations-1-768x507.jpg 768w, https:\/\/fcconsultingformation.fr\/wp-content\/uploads\/2023\/10\/Image-site-formation_partie-avec-nos-formations-1.jpg 1049w\" sizes=\"(max-width: 1024px) 100vw, 1024px\" longdesc=\"https:\/\/fcconsultingformation.fr?longdesc=139&amp;referrer=1344\" id=\"longdesc-return-139\" \/>\n\t\t\t<\/div>\n\t\t\t\t<figcaption class='wp-caption-text gallery-caption' id='gallery-1-139'>\n\t\t\t\tCours en ligne + exercices de suivi pour chaque module avec correction\n\t\t\t\t<\/figcaption><\/figure><figure class='gallery-item'>\n\t\t\t<div class='gallery-icon landscape'>\n\t\t\t\t<img loading=\"lazy\" decoding=\"async\" width=\"1024\" height=\"684\" src=\"https:\/\/fcconsultingformation.fr\/wp-content\/uploads\/2023\/10\/Image-site-formation_partie-avec-nos-formations-2-1024x684.jpg\" class=\"attachment-large size-large\" alt=\"\" aria-describedby=\"gallery-1-140\" srcset=\"https:\/\/fcconsultingformation.fr\/wp-content\/uploads\/2023\/10\/Image-site-formation_partie-avec-nos-formations-2-1024x684.jpg 1024w, https:\/\/fcconsultingformation.fr\/wp-content\/uploads\/2023\/10\/Image-site-formation_partie-avec-nos-formations-2-300x200.jpg 300w, https:\/\/fcconsultingformation.fr\/wp-content\/uploads\/2023\/10\/Image-site-formation_partie-avec-nos-formations-2-768x513.jpg 768w, https:\/\/fcconsultingformation.fr\/wp-content\/uploads\/2023\/10\/Image-site-formation_partie-avec-nos-formations-2.jpg 1073w\" sizes=\"(max-width: 1024px) 100vw, 1024px\" longdesc=\"https:\/\/fcconsultingformation.fr?longdesc=140&amp;referrer=1344\" id=\"longdesc-return-140\" \/>\n\t\t\t<\/div>\n\t\t\t\t<figcaption class='wp-caption-text gallery-caption' id='gallery-1-140'>\n\t\t\t\tUn mentor qualifi\u00e9 pour vous accompagner lors de votre formation\n\t\t\t\t<\/figcaption><\/figure><figure class='gallery-item'>\n\t\t\t<div class='gallery-icon landscape'>\n\t\t\t\t<img loading=\"lazy\" decoding=\"async\" width=\"1024\" height=\"674\" src=\"https:\/\/fcconsultingformation.fr\/wp-content\/uploads\/2023\/10\/Image-site-formation_partie-avec-nos-formations-3-1-1024x674.jpg\" class=\"attachment-large size-large\" alt=\"\" aria-describedby=\"gallery-1-141\" srcset=\"https:\/\/fcconsultingformation.fr\/wp-content\/uploads\/2023\/10\/Image-site-formation_partie-avec-nos-formations-3-1-1024x674.jpg 1024w, https:\/\/fcconsultingformation.fr\/wp-content\/uploads\/2023\/10\/Image-site-formation_partie-avec-nos-formations-3-1-300x198.jpg 300w, https:\/\/fcconsultingformation.fr\/wp-content\/uploads\/2023\/10\/Image-site-formation_partie-avec-nos-formations-3-1-768x506.jpg 768w, https:\/\/fcconsultingformation.fr\/wp-content\/uploads\/2023\/10\/Image-site-formation_partie-avec-nos-formations-3-1.jpg 1069w\" sizes=\"(max-width: 1024px) 100vw, 1024px\" longdesc=\"https:\/\/fcconsultingformation.fr?longdesc=141&amp;referrer=1344\" id=\"longdesc-return-141\" \/>\n\t\t\t<\/div>\n\t\t\t\t<figcaption class='wp-caption-text gallery-caption' id='gallery-1-141'>\n\t\t\t\tTravailler sur des projets, des exemples concrets\n\t\t\t\t<\/figcaption><\/figure>\n\t\t<\/div>\n\t\t<\/div>\n\t\t\t\t\t\t<\/div>\n\t\t\t\t<\/div>\n\t\t\t\t\t<\/div>\n\t\t\t\t<\/div>\n\t\t\t\t<\/div>\n\t\t","protected":false},"excerpt":{"rendered":"<p>Explorez le monde de l&rsquo;informatique avec FC Consulting Nos formations, votre succ\u00e8s ! S&rsquo;inscrire Nos formations Apprendre les outils de la bureautique Formation Technicien d&rsquo;exploitation Niveau 1 FormationM\u00e9tiers Administrateur syst\u00e8me &#8211; Support N2 FormationM\u00e9tiers Avec nos formations, vous disposerez de : \u00a0 \u00a0 Cours en ligne + exercices de suivi pour chaque module avec correction Un mentor qualifi\u00e9 pour vous accompagner lors de votre formation Travailler sur des projets, des exemples concrets<\/p>\n","protected":false},"author":1,"featured_media":0,"parent":0,"menu_order":0,"comment_status":"closed","ping_status":"closed","template":"","meta":{"_kad_post_transparent":"","_kad_post_title":"hide","_kad_post_layout":"fullwidth","_kad_post_sidebar_id":"","_kad_post_content_style":"unboxed","_kad_post_vertical_padding":"hide","_kad_post_feature":"hide","_kad_post_feature_position":"","_kad_post_header":false,"_kad_post_footer":false,"footnotes":""},"class_list":["post-1344","page","type-page","status-publish","hentry"],"_links":{"self":[{"href":"https:\/\/fcconsultingformation.fr\/index.php?rest_route=\/wp\/v2\/pages\/1344","targetHints":{"allow":["GET"]}}],"collection":[{"href":"https:\/\/fcconsultingformation.fr\/index.php?rest_route=\/wp\/v2\/pages"}],"about":[{"href":"https:\/\/fcconsultingformation.fr\/index.php?rest_route=\/wp\/v2\/types\/page"}],"author":[{"embeddable":true,"href":"https:\/\/fcconsultingformation.fr\/index.php?rest_route=\/wp\/v2\/users\/1"}],"replies":[{"embeddable":true,"href":"https:\/\/fcconsultingformation.fr\/index.php?rest_route=%2Fwp%2Fv2%2Fcomments&post=1344"}],"version-history":[{"count":3,"href":"https:\/\/fcconsultingformation.fr\/index.php?rest_route=\/wp\/v2\/pages\/1344\/revisions"}],"predecessor-version":[{"id":8845,"href":"https:\/\/fcconsultingformation.fr\/index.php?rest_route=\/wp\/v2\/pages\/1344\/revisions\/8845"}],"wp:attachment":[{"href":"https:\/\/fcconsultingformation.fr\/index.php?rest_route=%2Fwp%2Fv2%2Fmedia&parent=1344"}],"curies":[{"name":"wp","href":"https:\/\/api.w.org\/{rel}","templated":true}]}}