{"id":349,"date":"2023-10-31T14:35:46","date_gmt":"2023-10-31T13:35:46","guid":{"rendered":"https:\/\/fcconsultingformation.fr\/?page_id=349"},"modified":"2024-04-02T18:35:56","modified_gmt":"2024-04-02T16:35:56","slug":"acessibilite","status":"publish","type":"page","link":"https:\/\/fcconsultingformation.fr\/?page_id=349","title":{"rendered":"Acessibilit\u00e9"},"content":{"rendered":"\t\t<div data-elementor-type=\"wp-page\" data-elementor-id=\"349\" class=\"elementor elementor-349\" data-elementor-post-type=\"page\">\n\t\t\t\t<div data-particle_enable=\"false\" data-particle-mobile-disabled=\"false\" class=\"elementor-element elementor-element-c0f9600 e-flex e-con-boxed wpr-particle-no wpr-jarallax-no wpr-parallax-no wpr-sticky-section-no e-con e-parent\" data-id=\"c0f9600\" data-element_type=\"container\">\n\t\t\t\t\t<div class=\"e-con-inner\">\n\t\t\t\t<div class=\"elementor-element elementor-element-979cfd4 elementor-widget elementor-widget-heading\" data-id=\"979cfd4\" data-element_type=\"widget\" data-widget_type=\"heading.default\">\n\t\t\t\t<div class=\"elementor-widget-container\">\n\t\t\t\t\t<h2 class=\"elementor-heading-title elementor-size-default\">Accessibilit\u00e9s <\/h2>\t\t\t\t<\/div>\n\t\t\t\t<\/div>\n\t\t\t\t\t<\/div>\n\t\t\t\t<\/div>\n\t\t<div data-particle_enable=\"false\" data-particle-mobile-disabled=\"false\" class=\"elementor-element elementor-element-5f231cc e-flex e-con-boxed wpr-particle-no wpr-jarallax-no wpr-parallax-no wpr-sticky-section-no e-con e-parent\" data-id=\"5f231cc\" data-element_type=\"container\">\n\t\t\t\t\t<div class=\"e-con-inner\">\n\t\t\t\t<div class=\"elementor-element elementor-element-3c142e5 elementor-widget elementor-widget-text-editor\" data-id=\"3c142e5\" data-element_type=\"widget\" data-widget_type=\"text-editor.default\">\n\t\t\t\t<div class=\"elementor-widget-container\">\n\t\t\t\t\t\t\t\t\t<p><span style=\"font-weight: normal;\">Chez FC Consulting, nous nous engageons \u00e0 rendre notre espace accueillant et accessible \u00e0 tous. <\/span><span style=\"font-weight: normal;\">Que vous voyagiez en train, en bus ou en voiture,\u00a0nous avons pris des\u00a0mesures pour garantir que\u00a0<\/span><span style=\"font-weight: normal;\">votre visite\u00a0\u00a0<\/span><span style=\"font-weight: normal;\">soit pratique et agr\u00e9able.<span style=\"font-family: var(--global-heading-font-family); text-align: var(--text-align); background-color: transparent; color: var(--global-palette5);\">\u00a0<br \/><\/span><\/span><\/p><p><span style=\"font-weight: normal;\"><span style=\"color: var(--global-palette5); font-family: var(--global-heading-font-family); text-align: var(--text-align); background-color: transparent;\">\u00a0<\/span><\/span><\/p>\t\t\t\t\t\t\t\t<\/div>\n\t\t\t\t<\/div>\n\t\t\t\t<div class=\"elementor-element elementor-element-a71d3b5 elementor-widget elementor-widget-text-editor\" data-id=\"a71d3b5\" data-element_type=\"widget\" data-widget_type=\"text-editor.default\">\n\t\t\t\t<div class=\"elementor-widget-container\">\n\t\t\t\t\t\t\t\t\t<h5><span class=\"OYPEnA text-decoration-none text-strikethrough-none\" style=\"color: #0678c6;\">Acc\u00e8s au premier \u00e9tage:<\/span> <span class=\"OYPEnA text-decoration-none text-strikethrough-none\" style=\"color: #000000; font-weight: 400;\">nous comprenons que la mobilit\u00e9 peut \u00eatre un d\u00e9fi pour certaines personnes, c\u2019est pourquoi nous proposons notre formation en distanciel pour les personnes \u00e0 mobilit\u00e9 r\u00e9duite afin qu\u2019elle puisse acc\u00e9der facilement \u00e0 nos cours malgr\u00e9 le fait que nous n\u2019ayons pas d\u2019ascenseur. Il est aussi possible, de faire une session dans vos locaux.<\/span><\/h5>\t\t\t\t\t\t\t\t<\/div>\n\t\t\t\t<\/div>\n\t\t\t\t\t<\/div>\n\t\t\t\t<\/div>\n\t\t<div data-particle_enable=\"false\" data-particle-mobile-disabled=\"false\" class=\"elementor-element elementor-element-1d09679 e-flex e-con-boxed wpr-particle-no wpr-jarallax-no wpr-parallax-no wpr-sticky-section-no e-con e-parent\" data-id=\"1d09679\" data-element_type=\"container\">\n\t\t\t\t\t<div class=\"e-con-inner\">\n\t\t<div data-particle_enable=\"false\" data-particle-mobile-disabled=\"false\" class=\"elementor-element elementor-element-9523fab e-con-full e-flex wpr-particle-no wpr-jarallax-no wpr-parallax-no wpr-sticky-section-no e-con e-child\" data-id=\"9523fab\" data-element_type=\"container\">\n\t\t\t\t<div class=\"elementor-element elementor-element-b1bdb12 elementor-widget elementor-widget-image\" data-id=\"b1bdb12\" data-element_type=\"widget\" data-widget_type=\"image.default\">\n\t\t\t\t<div class=\"elementor-widget-container\">\n\t\t\t\t\t\t\t\t\t\t\t\t\t\t\t<img fetchpriority=\"high\" decoding=\"async\" width=\"300\" height=\"300\" src=\"https:\/\/fcconsultingformation.fr\/wp-content\/uploads\/2023\/10\/train-300x300.png\" class=\"attachment-medium size-medium wp-image-404\" alt=\"\" srcset=\"https:\/\/fcconsultingformation.fr\/wp-content\/uploads\/2023\/10\/train-300x300.png 300w, https:\/\/fcconsultingformation.fr\/wp-content\/uploads\/2023\/10\/train-1024x1024.png 1024w, https:\/\/fcconsultingformation.fr\/wp-content\/uploads\/2023\/10\/train-150x150.png 150w, https:\/\/fcconsultingformation.fr\/wp-content\/uploads\/2023\/10\/train-768x768.png 768w, https:\/\/fcconsultingformation.fr\/wp-content\/uploads\/2023\/10\/train.png 1080w\" sizes=\"(max-width: 300px) 100vw, 300px\" \/>\t\t\t\t\t\t\t\t\t\t\t\t\t\t\t<\/div>\n\t\t\t\t<\/div>\n\t\t\t\t<\/div>\n\t\t<div data-particle_enable=\"false\" data-particle-mobile-disabled=\"false\" class=\"elementor-element elementor-element-b310ac7 e-con-full e-flex wpr-particle-no wpr-jarallax-no wpr-parallax-no wpr-sticky-section-no e-con e-child\" data-id=\"b310ac7\" data-element_type=\"container\">\n\t\t\t\t<div class=\"elementor-element elementor-element-9d11f05 elementor-widget elementor-widget-text-editor\" data-id=\"9d11f05\" data-element_type=\"widget\" data-widget_type=\"text-editor.default\">\n\t\t\t\t<div class=\"elementor-widget-container\">\n\t\t\t\t\t\t\t\t\t<p><span class=\"OYPEnA text-decoration-none text-strikethrough-none\" style=\"color: #0678c6;\"><b>En train<\/b>:<\/span> <span class=\"OYPEnA text-decoration-none text-strikethrough-none\" style=\"color: #000000; font-weight: 400;\">Si vous pr\u00e9f\u00e9rez voyager en train, vous serez ravi de savoir que notre lieu est situ\u00e9 \u00e0 proximit\u00e9 de la gare de&nbsp;<\/span>Trappes (ligne U et N). Une courte promenade de 25minutes depuis la gare vous am\u00e8nera directement \u00e0 notre entr\u00e9e.Ou vous pouvez prendre un bus qui vous d\u00e9pos\u00e9 directement \u00e0 quelques pas de chez nous.<\/p>\t\t\t\t\t\t\t\t<\/div>\n\t\t\t\t<\/div>\n\t\t\t\t<\/div>\n\t\t\t\t\t<\/div>\n\t\t\t\t<\/div>\n\t\t<div data-particle_enable=\"false\" data-particle-mobile-disabled=\"false\" class=\"elementor-element elementor-element-0c3c4ba e-flex e-con-boxed wpr-particle-no wpr-jarallax-no wpr-parallax-no wpr-sticky-section-no e-con e-parent\" data-id=\"0c3c4ba\" data-element_type=\"container\">\n\t\t\t\t\t<div class=\"e-con-inner\">\n\t\t<div data-particle_enable=\"false\" data-particle-mobile-disabled=\"false\" class=\"elementor-element elementor-element-5233bfb e-con-full e-flex wpr-particle-no wpr-jarallax-no wpr-parallax-no wpr-sticky-section-no e-con e-child\" data-id=\"5233bfb\" data-element_type=\"container\">\n\t\t\t\t<div class=\"elementor-element elementor-element-aca2fde elementor-widget elementor-widget-image\" data-id=\"aca2fde\" data-element_type=\"widget\" data-widget_type=\"image.default\">\n\t\t\t\t<div class=\"elementor-widget-container\">\n\t\t\t\t\t\t\t\t\t\t\t\t\t\t\t<img decoding=\"async\" width=\"300\" height=\"300\" src=\"https:\/\/fcconsultingformation.fr\/wp-content\/uploads\/2023\/10\/bus-300x300.png\" class=\"attachment-medium size-medium wp-image-447\" alt=\"\" srcset=\"https:\/\/fcconsultingformation.fr\/wp-content\/uploads\/2023\/10\/bus-300x300.png 300w, https:\/\/fcconsultingformation.fr\/wp-content\/uploads\/2023\/10\/bus-1024x1024.png 1024w, https:\/\/fcconsultingformation.fr\/wp-content\/uploads\/2023\/10\/bus-150x150.png 150w, https:\/\/fcconsultingformation.fr\/wp-content\/uploads\/2023\/10\/bus-768x768.png 768w, https:\/\/fcconsultingformation.fr\/wp-content\/uploads\/2023\/10\/bus-1536x1536.png 1536w, https:\/\/fcconsultingformation.fr\/wp-content\/uploads\/2023\/10\/bus-2048x2048.png 2048w\" sizes=\"(max-width: 300px) 100vw, 300px\" \/>\t\t\t\t\t\t\t\t\t\t\t\t\t\t\t<\/div>\n\t\t\t\t<\/div>\n\t\t\t\t<\/div>\n\t\t<div data-particle_enable=\"false\" data-particle-mobile-disabled=\"false\" class=\"elementor-element elementor-element-d9fcde4 e-con-full e-flex wpr-particle-no wpr-jarallax-no wpr-parallax-no wpr-sticky-section-no e-con e-child\" data-id=\"d9fcde4\" data-element_type=\"container\">\n\t\t\t\t<div class=\"elementor-element elementor-element-995c0bd elementor-widget elementor-widget-text-editor\" data-id=\"995c0bd\" data-element_type=\"widget\" data-widget_type=\"text-editor.default\">\n\t\t\t\t<div class=\"elementor-widget-container\">\n\t\t\t\t\t\t\t\t\t<h6>&nbsp;<\/h6>\n<p><b><span class=\"OYPEnA text-decoration-none text-strikethrough-none\" style=\"color: #0678c6;\">En<\/span> <\/b><span class=\"OYPEnA text-decoration-none text-strikethrough-none\" style=\"color: #0678c6;\"><b>Bus<\/b>:<\/span><span class=\"OYPEnA text-decoration-none text-strikethrough-none\" style=\"color: #000000; font-weight: 400;\"> Pour les voyageurs en bus, notre emplacement est desservi par plusieurs lignes de bus (num\u00e9ros 415, 12,&#8230;)&nbsp;<\/span>qui sont situ\u00e9s \u00e0 quelques pas de notre entr\u00e9e, ce qui rend l\u2019acc\u00e8s encore plus facile.<\/p>\t\t\t\t\t\t\t\t<\/div>\n\t\t\t\t<\/div>\n\t\t\t\t<\/div>\n\t\t\t\t\t<\/div>\n\t\t\t\t<\/div>\n\t\t<div data-particle_enable=\"false\" data-particle-mobile-disabled=\"false\" class=\"elementor-element elementor-element-0e775a9 e-flex e-con-boxed wpr-particle-no wpr-jarallax-no wpr-parallax-no wpr-sticky-section-no e-con e-parent\" data-id=\"0e775a9\" data-element_type=\"container\">\n\t\t\t\t\t<div class=\"e-con-inner\">\n\t\t<div data-particle_enable=\"false\" data-particle-mobile-disabled=\"false\" class=\"elementor-element elementor-element-56de330 e-con-full e-flex wpr-particle-no wpr-jarallax-no wpr-parallax-no wpr-sticky-section-no e-con e-child\" data-id=\"56de330\" data-element_type=\"container\">\n\t\t\t\t<div class=\"elementor-element elementor-element-f88e874 elementor-widget elementor-widget-image\" data-id=\"f88e874\" data-element_type=\"widget\" data-widget_type=\"image.default\">\n\t\t\t\t<div class=\"elementor-widget-container\">\n\t\t\t\t\t\t\t\t\t\t\t\t\t\t\t<img decoding=\"async\" width=\"300\" height=\"300\" src=\"https:\/\/fcconsultingformation.fr\/wp-content\/uploads\/2023\/10\/voiture-300x300.png\" class=\"attachment-medium size-medium wp-image-448\" alt=\"\" srcset=\"https:\/\/fcconsultingformation.fr\/wp-content\/uploads\/2023\/10\/voiture-300x300.png 300w, https:\/\/fcconsultingformation.fr\/wp-content\/uploads\/2023\/10\/voiture-1024x1024.png 1024w, https:\/\/fcconsultingformation.fr\/wp-content\/uploads\/2023\/10\/voiture-150x150.png 150w, https:\/\/fcconsultingformation.fr\/wp-content\/uploads\/2023\/10\/voiture-768x768.png 768w, https:\/\/fcconsultingformation.fr\/wp-content\/uploads\/2023\/10\/voiture-1536x1536.png 1536w, https:\/\/fcconsultingformation.fr\/wp-content\/uploads\/2023\/10\/voiture-2048x2048.png 2048w\" sizes=\"(max-width: 300px) 100vw, 300px\" \/>\t\t\t\t\t\t\t\t\t\t\t\t\t\t\t<\/div>\n\t\t\t\t<\/div>\n\t\t\t\t<\/div>\n\t\t<div data-particle_enable=\"false\" data-particle-mobile-disabled=\"false\" class=\"elementor-element elementor-element-1c0d9b6 e-con-full e-flex wpr-particle-no wpr-jarallax-no wpr-parallax-no wpr-sticky-section-no e-con e-child\" data-id=\"1c0d9b6\" data-element_type=\"container\">\n\t\t\t\t<div class=\"elementor-element elementor-element-7cb07f3 elementor-widget elementor-widget-text-editor\" data-id=\"7cb07f3\" data-element_type=\"widget\" data-widget_type=\"text-editor.default\">\n\t\t\t\t<div class=\"elementor-widget-container\">\n\t\t\t\t\t\t\t\t\t<h6>&nbsp;<\/h6>\n<p><span style=\"font-size: 21px; font-weight: bold; -webkit-text-stroke-color: #000000; background-color: transparent;\">&nbsp;En Voiture<\/span><span style=\"font-weight: bold; -webkit-text-stroke-color: rgb(0, 0, 0); background-color: transparent; font-size: 17px;\"><font color=\"#0678c6\">:&nbsp;<\/font><\/span><span style=\"color: var(--global-palette3); text-align: start; -webkit-text-stroke-color: #000000; background-color: transparent;\">Si vous pr\u00e9f\u00e9rez conduire, nous vous offrons un parkin<\/span><span style=\"color: var(--global-palette3); text-align: start; -webkit-text-stroke-color: #000000; background-color: transparent;\">g pratique \u00e0 proximit\u00e9.<\/span><\/p>\t\t\t\t\t\t\t\t<\/div>\n\t\t\t\t<\/div>\n\t\t\t\t<\/div>\n\t\t\t\t\t<\/div>\n\t\t\t\t<\/div>\n\t\t<div data-particle_enable=\"false\" data-particle-mobile-disabled=\"false\" class=\"elementor-element elementor-element-19d3ddd e-flex e-con-boxed wpr-particle-no wpr-jarallax-no wpr-parallax-no wpr-sticky-section-no e-con e-parent\" data-id=\"19d3ddd\" data-element_type=\"container\">\n\t\t\t\t\t<div class=\"e-con-inner\">\n\t\t<div data-particle_enable=\"false\" data-particle-mobile-disabled=\"false\" class=\"elementor-element elementor-element-1388890 e-con-full e-flex wpr-particle-no wpr-jarallax-no wpr-parallax-no wpr-sticky-section-no e-con e-child\" data-id=\"1388890\" data-element_type=\"container\">\n\t\t\t\t<div class=\"elementor-element elementor-element-d57f39b elementor-widget elementor-widget-image\" data-id=\"d57f39b\" data-element_type=\"widget\" data-widget_type=\"image.default\">\n\t\t\t\t<div class=\"elementor-widget-container\">\n\t\t\t\t\t\t\t\t\t\t\t\t\t\t\t<img loading=\"lazy\" decoding=\"async\" width=\"300\" height=\"300\" src=\"https:\/\/fcconsultingformation.fr\/wp-content\/uploads\/2023\/10\/restauration-2-300x300.png\" class=\"attachment-medium size-medium wp-image-453\" alt=\"\" srcset=\"https:\/\/fcconsultingformation.fr\/wp-content\/uploads\/2023\/10\/restauration-2-300x300.png 300w, https:\/\/fcconsultingformation.fr\/wp-content\/uploads\/2023\/10\/restauration-2-1024x1024.png 1024w, https:\/\/fcconsultingformation.fr\/wp-content\/uploads\/2023\/10\/restauration-2-150x150.png 150w, https:\/\/fcconsultingformation.fr\/wp-content\/uploads\/2023\/10\/restauration-2-768x768.png 768w, https:\/\/fcconsultingformation.fr\/wp-content\/uploads\/2023\/10\/restauration-2-1536x1536.png 1536w, https:\/\/fcconsultingformation.fr\/wp-content\/uploads\/2023\/10\/restauration-2-2048x2048.png 2048w\" sizes=\"(max-width: 300px) 100vw, 300px\" \/>\t\t\t\t\t\t\t\t\t\t\t\t\t\t\t<\/div>\n\t\t\t\t<\/div>\n\t\t\t\t<\/div>\n\t\t<div data-particle_enable=\"false\" data-particle-mobile-disabled=\"false\" class=\"elementor-element elementor-element-facf0a7 e-con-full e-flex wpr-particle-no wpr-jarallax-no wpr-parallax-no wpr-sticky-section-no e-con e-child\" data-id=\"facf0a7\" data-element_type=\"container\">\n\t\t\t\t<div class=\"elementor-element elementor-element-6ae6fc8 elementor-widget elementor-widget-text-editor\" data-id=\"6ae6fc8\" data-element_type=\"widget\" data-widget_type=\"text-editor.default\">\n\t\t\t\t<div class=\"elementor-widget-container\">\n\t\t\t\t\t\t\t\t\t<p><span style=\"color: #0678c6;\"><b>Restauration:<\/b><\/span> Au rez-de-chaus\u00e9e de notre \u00e9tablissement, nous vous proposons un restaurant o\u00f9 vous pourrez d\u00e9guster des plats d\u00e9licieux pr\u00e9par\u00e9s par un chef.&nbsp;<span style=\"font-weight: normal; text-align: var(--text-align); background-color: transparent;\">De plus, nous vous offrons la possibilit\u00e9&nbsp;<\/span><span style=\"font-weight: normal; text-align: var(--text-align); background-color: transparent;\">d\u2019apporter votre propre repas, que vous pourrez r\u00e9chauffer au micro-onde. Cela garantit que chacun&nbsp;<\/span><span style=\"font-weight: normal; text-align: var(--text-align); background-color: transparent;\">puisse profiter de notre ambiance chaleureuse, peu importe son r\u00e9gime alimentaire ou ses pr\u00e9f\u00e9rences.<\/span><\/p>\t\t\t\t\t\t\t\t<\/div>\n\t\t\t\t<\/div>\n\t\t\t\t<\/div>\n\t\t\t\t\t<\/div>\n\t\t\t\t<\/div>\n\t\t<div data-particle_enable=\"false\" data-particle-mobile-disabled=\"false\" class=\"elementor-element elementor-element-c47c695 e-flex e-con-boxed wpr-particle-no wpr-jarallax-no wpr-parallax-no wpr-sticky-section-no e-con e-parent\" data-id=\"c47c695\" data-element_type=\"container\">\n\t\t\t\t\t<div class=\"e-con-inner\">\n\t\t\t\t<div class=\"elementor-element elementor-element-0a5d533 elementor-widget elementor-widget-heading\" data-id=\"0a5d533\" data-element_type=\"widget\" data-widget_type=\"heading.default\">\n\t\t\t\t<div class=\"elementor-widget-container\">\n\t\t\t\t\t<h2 class=\"elementor-heading-title elementor-size-default\">Accesibilit\u00e9 Handicap<\/h2>\t\t\t\t<\/div>\n\t\t\t\t<\/div>\n\t\t\t\t\t<\/div>\n\t\t\t\t<\/div>\n\t\t<div data-particle_enable=\"false\" data-particle-mobile-disabled=\"false\" class=\"elementor-element elementor-element-7c715d1 e-flex e-con-boxed wpr-particle-no wpr-jarallax-no wpr-parallax-no wpr-sticky-section-no e-con e-parent\" data-id=\"7c715d1\" data-element_type=\"container\">\n\t\t\t\t\t<div class=\"e-con-inner\">\n\t\t\t\t<div class=\"elementor-element elementor-element-872e64f elementor-widget elementor-widget-text-editor\" data-id=\"872e64f\" data-element_type=\"widget\" data-widget_type=\"text-editor.default\">\n\t\t\t\t<div class=\"elementor-widget-container\">\n\t\t\t\t\t\t\t\t\t<p style=\"margin-bottom: var(--global-md-spacing); color: #0e0e0e;\">Chez FC Consulting, l\u2019accessibilit\u00e9 est notre priorit\u00e9. Nous nous effor\u00e7ons de rendre votre visite\u00a0 aussi confortable que possible, en veillant \u00e0 ce que chacun puisse profiter de notre espace sans aucun souci. Nous tenons \u00e0 informer nos visiteurs, que, \u00e0 ce stade, notre structure n&rsquo;est malheureusement pas \u00e9quip\u00e9 pour garantir un acc\u00e8s aux personnes \u00e0 mobilit\u00e9 r\u00e9duite. Nous leurs proposerons donc d&rsquo;effectuer la formation \u00e0 distance par visioconf\u00e9rence. <span style=\"text-align: var(--text-align); background-color: transparent;\">La loi du 5 septembre 2018 pour la \u00ab libert\u00e9 de choisir son avenir professionnel \u00bb a pour objectif de faciliter l\u2019acc\u00e8s \u00e0 l\u2019emploi des personnes en situation de handicap. Notre organisme tente de donner \u00e0 tous les m\u00eames chances d\u2019acc\u00e9der ou de maintenir l\u2019emploi. Nous pouvons adapter certaines de nos modalit\u00e9s de formations, pour cela, nous \u00e9tudierons ensemble vos besoins. Pour toutes questions, merci de nous contacter.<\/span><\/p><p style=\"margin-bottom: var(--global-md-spacing); color: #0e0e0e;\"><span style=\"text-align: var(--text-align); background-color: transparent;\">Nous attendons avec impatience de vous accueillir et de vous offrir une exp\u00e9rience exceptionnelle chez FC Consulting.\u00a0<\/span><\/p><p style=\"margin-bottom: var(--global-md-spacing); color: #0e0e0e;\"><span style=\"text-align: var(--text-align); background-color: transparent;\">A bient\u00f4t.<\/span><\/p>\t\t\t\t\t\t\t\t<\/div>\n\t\t\t\t<\/div>\n\t\t\t\t\t<\/div>\n\t\t\t\t<\/div>\n\t\t\t\t<\/div>\n\t\t","protected":false},"excerpt":{"rendered":"<p>Accessibilit\u00e9s Chez FC Consulting, nous nous engageons \u00e0 rendre notre espace accueillant et accessible \u00e0 tous. Que vous voyagiez en train, en bus ou en voiture,\u00a0nous avons pris des\u00a0mesures pour garantir que\u00a0votre visite\u00a0\u00a0soit pratique et agr\u00e9able.\u00a0 \u00a0 Acc\u00e8s au premier \u00e9tage: nous comprenons que la mobilit\u00e9 peut \u00eatre un d\u00e9fi pour certaines personnes, c\u2019est pourquoi nous proposons notre formation en distanciel pour les personnes \u00e0 mobilit\u00e9 r\u00e9duite afin qu\u2019elle puisse acc\u00e9der facilement \u00e0 nos cours malgr\u00e9 le fait que nous n\u2019ayons pas d\u2019ascenseur. Il est aussi possible, de faire une session dans vos locaux. En train: Si vous pr\u00e9f\u00e9rez voyager en train, vous serez ravi de savoir que notre lieu est situ\u00e9 \u00e0 proximit\u00e9 de la gare de&nbsp;Trappes (ligne U et N). Une courte promenade de 25minutes depuis la gare vous am\u00e8nera directement \u00e0 notre entr\u00e9e.Ou vous pouvez prendre un bus qui vous d\u00e9pos\u00e9 directement \u00e0 quelques pas de chez nous. &nbsp; En Bus: Pour les voyageurs en bus, notre emplacement est desservi par plusieurs lignes de bus (num\u00e9ros 415, 12,&#8230;)&nbsp;qui sont situ\u00e9s \u00e0 quelques pas de notre entr\u00e9e, ce qui rend l\u2019acc\u00e8s encore plus facile. &nbsp; &nbsp;En Voiture:&nbsp;Si vous pr\u00e9f\u00e9rez conduire, nous vous offrons un parking pratique \u00e0 proximit\u00e9. Restauration: Au rez-de-chaus\u00e9e de notre \u00e9tablissement, nous vous proposons un restaurant o\u00f9 vous pourrez d\u00e9guster des plats d\u00e9licieux pr\u00e9par\u00e9s par un chef.&nbsp;De plus, nous vous offrons la possibilit\u00e9&nbsp;d\u2019apporter votre propre repas, que vous pourrez r\u00e9chauffer au micro-onde. Cela garantit que chacun&nbsp;puisse profiter de notre ambiance chaleureuse, peu importe son r\u00e9gime alimentaire ou ses pr\u00e9f\u00e9rences. Accesibilit\u00e9 Handicap Chez FC Consulting, l\u2019accessibilit\u00e9 est notre priorit\u00e9. Nous nous effor\u00e7ons de rendre votre visite\u00a0 aussi confortable que possible, en veillant \u00e0 ce que chacun puisse profiter de notre espace sans aucun souci. Nous tenons \u00e0 informer nos visiteurs, que, \u00e0 ce stade, notre structure n&rsquo;est malheureusement pas \u00e9quip\u00e9 pour garantir un acc\u00e8s aux personnes \u00e0 mobilit\u00e9 r\u00e9duite. Nous leurs proposerons donc d&rsquo;effectuer la formation \u00e0 distance par visioconf\u00e9rence. La loi du 5 septembre 2018 pour la \u00ab libert\u00e9 de choisir son avenir professionnel \u00bb a pour objectif de faciliter l\u2019acc\u00e8s \u00e0 l\u2019emploi des personnes en situation de handicap. Notre organisme tente de donner \u00e0 tous les m\u00eames chances d\u2019acc\u00e9der ou de maintenir l\u2019emploi. Nous pouvons adapter certaines de nos modalit\u00e9s de formations, pour cela, nous \u00e9tudierons ensemble vos besoins. Pour toutes questions, merci de nous contacter. Nous attendons avec impatience de vous accueillir et de vous offrir une exp\u00e9rience exceptionnelle chez FC Consulting.\u00a0 A bient\u00f4t.<\/p>\n","protected":false},"author":1,"featured_media":0,"parent":0,"menu_order":0,"comment_status":"closed","ping_status":"closed","template":"","meta":{"_kad_post_transparent":"","_kad_post_title":"hide","_kad_post_layout":"fullwidth","_kad_post_sidebar_id":"","_kad_post_content_style":"unboxed","_kad_post_vertical_padding":"hide","_kad_post_feature":"hide","_kad_post_feature_position":"","_kad_post_header":false,"_kad_post_footer":false,"footnotes":""},"class_list":["post-349","page","type-page","status-publish","hentry"],"_links":{"self":[{"href":"https:\/\/fcconsultingformation.fr\/index.php?rest_route=\/wp\/v2\/pages\/349","targetHints":{"allow":["GET"]}}],"collection":[{"href":"https:\/\/fcconsultingformation.fr\/index.php?rest_route=\/wp\/v2\/pages"}],"about":[{"href":"https:\/\/fcconsultingformation.fr\/index.php?rest_route=\/wp\/v2\/types\/page"}],"author":[{"embeddable":true,"href":"https:\/\/fcconsultingformation.fr\/index.php?rest_route=\/wp\/v2\/users\/1"}],"replies":[{"embeddable":true,"href":"https:\/\/fcconsultingformation.fr\/index.php?rest_route=%2Fwp%2Fv2%2Fcomments&post=349"}],"version-history":[{"count":0,"href":"https:\/\/fcconsultingformation.fr\/index.php?rest_route=\/wp\/v2\/pages\/349\/revisions"}],"wp:attachment":[{"href":"https:\/\/fcconsultingformation.fr\/index.php?rest_route=%2Fwp%2Fv2%2Fmedia&parent=349"}],"curies":[{"name":"wp","href":"https:\/\/api.w.org\/{rel}","templated":true}]}}