{"id":6013,"date":"2023-11-22T16:21:15","date_gmt":"2023-11-22T15:21:15","guid":{"rendered":"https:\/\/fcconsultingformation.fr\/?page_id=6013"},"modified":"2025-08-04T16:04:40","modified_gmt":"2025-08-04T14:04:40","slug":"reglement-interieur","status":"publish","type":"page","link":"https:\/\/fcconsultingformation.fr\/?page_id=6013","title":{"rendered":"r\u00e8glement int\u00e9rieur"},"content":{"rendered":"\t\t<div data-elementor-type=\"wp-page\" data-elementor-id=\"6013\" class=\"elementor elementor-6013\" data-elementor-post-type=\"page\">\n\t\t\t\t<div data-particle_enable=\"false\" data-particle-mobile-disabled=\"false\" class=\"elementor-element elementor-element-c0a615a e-flex e-con-boxed wpr-particle-no wpr-jarallax-no wpr-parallax-no wpr-sticky-section-no e-con e-parent\" data-id=\"c0a615a\" data-element_type=\"container\">\n\t\t\t\t\t<div class=\"e-con-inner\">\n\t\t\t\t<div class=\"elementor-element elementor-element-6b0dc2d elementor-widget elementor-widget-heading\" data-id=\"6b0dc2d\" data-element_type=\"widget\" data-widget_type=\"heading.default\">\n\t\t\t\t<div class=\"elementor-widget-container\">\n\t\t\t\t\t<p class=\"elementor-heading-title elementor-size-default\"><a href=\"https:\/\/fcconsultingformation.fr\/wp-content\/uploads\/2025\/08\/Reglement-Interieur_Stagiaire-FC-Consulting.pdf\"><p style=\"margin-bottom: var(--global-md-spacing); color: rgb(0, 0, 0); font-weight: 400; white-space-collapse: collapse;\">\n  <span style=\"font-weight: bolder;\">\n    <span style=\"font-size: 17px;\">\n      R\u00c8GLEMENT INT\u00c9RIEUR APPLICABLE AUX STAGIAIRES <br> \n      <a href=\"https:\/\/fcconsultingformation.fr\/wp-content\/uploads\/2025\/08\/Reglement-Interieur_Stagiaire-FC-Consulting.pdf\">veillez ici pour le t\u00e9l\u00e9charger<\/a>\n    <\/span>\n    <span style=\"font-size: 28px;\">&nbsp;<\/span>\n  <\/span>\n  <span style=\"color: rgb(110, 193, 228); font-weight: 600; white-space-collapse: preserve; background-color: transparent;\"><\/span>\n<\/p><\/a><\/p>\t\t\t\t<\/div>\n\t\t\t\t<\/div>\n\t\t\t\t<div class=\"elementor-element elementor-element-6385ddb elementor-widget elementor-widget-heading\" data-id=\"6385ddb\" data-element_type=\"widget\" data-widget_type=\"heading.default\">\n\t\t\t\t<div class=\"elementor-widget-container\">\n\t\t\t\t\t<p class=\"elementor-heading-title elementor-size-default\"><a href=\"https:\/\/fcconsultingformation.fr\/wp-content\/uploads\/2025\/08\/Reglement-interieur-apprentis_FC-Consulting.pdf\"><p style=\"margin-bottom: var(--global-md-spacing); color: rgb(0, 0, 0); font-weight: 400; white-space-collapse: collapse;\">\n  <span style=\"font-weight: bolder;\">\n    <span style=\"font-size: 17px;\">\n      R\u00c8GLEMENT INT\u00c9RIEUR APPLICABLE AUX APPRENTIS <br> \n      <a href=\"https:\/\/fcconsultingformation.fr\/wp-content\/uploads\/2025\/08\/Reglement-interieur-apprentis_FC-Consulting.pdf\">veillez ici pour le t\u00e9l\u00e9charger<\/a>\n    <\/span>\n    <span style=\"font-size: 28px;\">&nbsp;<\/span>\n  <\/span>\n  <span style=\"color: rgb(110, 193, 228); font-weight: 600; white-space-collapse: preserve; background-color: transparent;\"><\/span>\n<\/p><\/a><\/p>\t\t\t\t<\/div>\n\t\t\t\t<\/div>\n\t\t\t\t\t<\/div>\n\t\t\t\t<\/div>\n\t\t\t\t<\/div>\n\t\t","protected":false},"excerpt":{"rendered":"<p>R\u00c8GLEMENT INT\u00c9RIEUR APPLICABLE AUX STAGIAIRES veillez ici pour le t\u00e9l\u00e9charger &nbsp; R\u00c8GLEMENT INT\u00c9RIEUR APPLICABLE AUX APPRENTIS veillez ici pour le t\u00e9l\u00e9charger &nbsp;<\/p>\n","protected":false},"author":1,"featured_media":0,"parent":0,"menu_order":0,"comment_status":"closed","ping_status":"closed","template":"","meta":{"_kad_post_transparent":"","_kad_post_title":"hide","_kad_post_layout":"fullwidth","_kad_post_sidebar_id":"","_kad_post_content_style":"unboxed","_kad_post_vertical_padding":"hide","_kad_post_feature":"hide","_kad_post_feature_position":"","_kad_post_header":false,"_kad_post_footer":false,"footnotes":""},"class_list":["post-6013","page","type-page","status-publish","hentry"],"_links":{"self":[{"href":"https:\/\/fcconsultingformation.fr\/index.php?rest_route=\/wp\/v2\/pages\/6013","targetHints":{"allow":["GET"]}}],"collection":[{"href":"https:\/\/fcconsultingformation.fr\/index.php?rest_route=\/wp\/v2\/pages"}],"about":[{"href":"https:\/\/fcconsultingformation.fr\/index.php?rest_route=\/wp\/v2\/types\/page"}],"author":[{"embeddable":true,"href":"https:\/\/fcconsultingformation.fr\/index.php?rest_route=\/wp\/v2\/users\/1"}],"replies":[{"embeddable":true,"href":"https:\/\/fcconsultingformation.fr\/index.php?rest_route=%2Fwp%2Fv2%2Fcomments&post=6013"}],"version-history":[{"count":3,"href":"https:\/\/fcconsultingformation.fr\/index.php?rest_route=\/wp\/v2\/pages\/6013\/revisions"}],"predecessor-version":[{"id":8971,"href":"https:\/\/fcconsultingformation.fr\/index.php?rest_route=\/wp\/v2\/pages\/6013\/revisions\/8971"}],"wp:attachment":[{"href":"https:\/\/fcconsultingformation.fr\/index.php?rest_route=%2Fwp%2Fv2%2Fmedia&parent=6013"}],"curies":[{"name":"wp","href":"https:\/\/api.w.org\/{rel}","templated":true}]}}