{"id":6527,"date":"2023-11-28T15:06:09","date_gmt":"2023-11-28T14:06:09","guid":{"rendered":"https:\/\/fcconsultingformation.fr\/?page_id=6527"},"modified":"2024-01-04T16:07:38","modified_gmt":"2024-01-04T15:07:38","slug":"cookies","status":"publish","type":"page","link":"https:\/\/fcconsultingformation.fr\/?page_id=6527","title":{"rendered":"cookies"},"content":{"rendered":"\t\t<div data-elementor-type=\"wp-page\" data-elementor-id=\"6527\" class=\"elementor elementor-6527\" data-elementor-post-type=\"page\">\n\t\t\t\t<div data-particle_enable=\"false\" data-particle-mobile-disabled=\"false\" class=\"elementor-element elementor-element-25c54d0 e-flex e-con-boxed wpr-particle-no wpr-jarallax-no wpr-parallax-no wpr-sticky-section-no e-con e-parent\" data-id=\"25c54d0\" data-element_type=\"container\">\n\t\t\t\t\t<div class=\"e-con-inner\">\n\t\t<div data-particle_enable=\"false\" data-particle-mobile-disabled=\"false\" class=\"elementor-element elementor-element-1c471eb e-flex e-con-boxed wpr-particle-no wpr-jarallax-no wpr-parallax-no wpr-sticky-section-no e-con e-child\" data-id=\"1c471eb\" data-element_type=\"container\">\n\t\t\t\t\t<div class=\"e-con-inner\">\n\t\t\t\t<div class=\"elementor-element elementor-element-aa4fca0 elementor-widget elementor-widget-heading\" data-id=\"aa4fca0\" data-element_type=\"widget\" data-widget_type=\"heading.default\">\n\t\t\t\t<div class=\"elementor-widget-container\">\n\t\t\t\t\t<h2 class=\"elementor-heading-title elementor-size-default\">Les Cookies<\/h2>\t\t\t\t<\/div>\n\t\t\t\t<\/div>\n\t\t\t\t\t<\/div>\n\t\t\t\t<\/div>\n\t\t\t\t\t<\/div>\n\t\t\t\t<\/div>\n\t\t<div data-particle_enable=\"false\" data-particle-mobile-disabled=\"false\" class=\"elementor-element elementor-element-a95c0f9 e-flex e-con-boxed wpr-particle-no wpr-jarallax-no wpr-parallax-no wpr-sticky-section-no e-con e-parent\" data-id=\"a95c0f9\" data-element_type=\"container\">\n\t\t\t\t\t<div class=\"e-con-inner\">\n\t\t\t\t<div class=\"elementor-element elementor-element-e48cb27 elementor-widget elementor-widget-text-editor\" data-id=\"e48cb27\" data-element_type=\"widget\" data-widget_type=\"text-editor.default\">\n\t\t\t\t<div class=\"elementor-widget-container\">\n\t\t\t\t\t\t\t\t\t<div>\n<div>\n<div><label title=\"Accepter automatiquement tous les services pour les robots\">Accepter automatiquement tous les services pour les robots<\/label><\/div>\n<div>\n<div>\n<div>\n<p>Les robots ne sont pas soumis au RGPD selon&nbsp;<a href=\"https:\/\/gdpr-text.com\/fr\/read\/article-1\/\" target=\"_blank\" rel=\"noopener noreferrer\">l&rsquo;Art. 1 du RGPD<\/a>&nbsp;et ne peuvent techniquement pas donner leur consentement au traitement des donn\u00e9es \u00e0 caract\u00e8re personnel et \u00e0 la mise en place de cookies. Par cons\u00e9quent, ils peuvent consid\u00e9rer votre site comme lent si une banni\u00e8re de cookies bloque en permanence tout autre contenu. Vous devriez donc permettre aux robots de naviguer sur votre site sans consentement, tout en autorisant tous les services.<\/p>\n<\/div>\n<\/div>\n<\/div>\n<\/div>\n<\/div>\n<div>\n<div>\n<div><label title=\"Respecter le &quot;Ne Pas Tracer&quot;\">Respecter le \u00ab\u00a0Ne Pas Tracer\u00a0\u00bb<\/label><\/div>\n<div>\n<div>\n<div>\n<div>En savoir plus<\/div>\n<p>Les utilisateurs peuvent activer l&rsquo;en-t\u00eate HTTP \u00a0\u00bb Ne pas tracer \u00a0\u00bb dans leur navigateur pour indiquer qu&rsquo;ils ne veulent pas \u00eatre trac\u00e9s. Si vous activez cette option, les utilisateurs pourront acc\u00e9der \u00e0 votre site web avec cet en-t\u00eate HTTP sans banni\u00e8re de cookies, s&rsquo;il n&rsquo;y a pas de services non essentiels utilis\u00e9s sur la base d&rsquo;un int\u00e9r\u00eat l\u00e9gitime. Seuls les services non refus\u00e9s seront utilis\u00e9s dans ce cas.&nbsp;<\/p>\n<\/div>\n<\/div>\n<\/div>\n<\/div>\n<\/div>\n<div>\n<div>\n<div><label title=\"Dur\u00e9e du consentement au cookie\">Dur\u00e9e du consentement au cookie:<\/label><\/div>\n<div>\n<div>\n<div>\n<div>\n<div>\n<div>\n<div>\n<div>365jours<\/div>\n<\/div>\n<\/div>\n<\/div>\n<\/div>\n<p>Le consentement d&rsquo;un utilisateur doit \u00eatre limit\u00e9 dans le temps. Vous pouvez d\u00e9finir la dur\u00e9e de validit\u00e9 du consentement. Il peut \u00eatre valable pour un maximum de 365 jours, car tous les 6 \u00e0 12 mois, vous devez rappeler \u00e0 l&rsquo;utilisateur qu&rsquo;il a le droit de r\u00e9voquer son consentement (la banni\u00e8re du cookie s&rsquo;affiche \u00e0 nouveau). Si vous modifiez entre-temps le comportement ou le contenu de la banni\u00e8re de cookies, les visiteurs de votre site web devront \u00e0 nouveau donner leur consentement, m\u00eame si la p\u00e9riode de temps n&rsquo;a pas encore expir\u00e9.<\/p>\n<\/div>\n<\/div>\n<\/div>\n<\/div>\n<\/div>\n<div>\n<div>\n<div><label title=\"Consentement au traitement des donn\u00e9es dans des pays tiers non s\u00e9curis\u00e9s\">Consentement au traitement des donn\u00e9es dans des pays tiers non s\u00e9curis\u00e9s<\/label><\/div>\n<div>\n<div>\n<div>\n<div>\n<div>\n<div>\n<p>La plupart des pays en dehors de l&rsquo;UE sont consid\u00e9r\u00e9s comme des pays tiers peu s\u00fbrs aux fins de la loi sur la protection des donn\u00e9es et aucune donn\u00e9e personnelle de vos visiteurs ne peut \u00eatre transf\u00e9r\u00e9e ou trait\u00e9e dans ces pays. Dans la pratique, cependant, il n&rsquo;est souvent pas possible d&rsquo;exclure ces services. Conform\u00e9ment \u00e0&nbsp;<a href=\"https:\/\/gdpr-text.com\/fr\/read\/article-49\/\" target=\"_blank\" rel=\"noopener noreferrer\">l&rsquo;art. 49 (1) lit. a GDPR<\/a>, il est possible d&rsquo;obtenir le consentement des visiteurs du site web pour le traitement unique et multiple des donn\u00e9es \u00e0 caract\u00e8re personnel. Le consentement pour le traitement r\u00e9gulier des donn\u00e9es dans des pays tiers non s\u00e9curis\u00e9s ne peut \u00eatre obtenu de cette mani\u00e8re. Ainsi, au moins certains des services pratiques peuvent encore \u00eatre utilis\u00e9s si le visiteur du site web y consent. Activez cette option pour marquer le traitement des donn\u00e9es personnelles dans des pays non s\u00e9curis\u00e9s et obtenir le consentement de vos visiteurs dans votre banni\u00e8re de cookies. Vous trouverez la&nbsp;<a href=\"https:\/\/commission.europa.eu\/law\/law-topic\/data-protection\/international-dimension-data-protection\/adequacy-decisions_fr\" target=\"_blank\" rel=\"noopener noreferrer\">liste actuelle des pays s\u00fbrs en dehors de l&rsquo;UE sur le site web de la Commission europ\u00e9enne<\/a>. Notez qu&rsquo;aux \u00c9tats-Unis, le traitement des donn\u00e9es n&rsquo;est consid\u00e9r\u00e9 comme s\u00fbr que si l&rsquo;entreprise concern\u00e9e certifie elle-m\u00eame qu&rsquo;il est s\u00fbr.&nbsp;\u2022&nbsp;<a>Modifier le texte dans le syst\u00e8me de personnalisation<\/a><\/p>\n<\/div>\n<\/div>\n<\/div>\n<\/div>\n<\/div>\n<div>\n<div>\n<div><label title=\"Notification de l'\u00e2ge pour le consentement\">Notification de l&rsquo;\u00e2ge pour le consentement:<\/label><\/div>\n<div>\n<div>\n<div>\n<p>Conform\u00e9ment \u00e0&nbsp;<a href=\"https:\/\/gdpr-text.com\/fr\/read\/article-8\/\" target=\"_blank\" rel=\"noopener noreferrer\">Art. 8 du RGPD<\/a>, le consentement \u00e0 des services qui traitent des donn\u00e9es \u00e0 caract\u00e8re personnel et\/ou installent des cookies ne peut \u00eatre donn\u00e9 qu&rsquo;\u00e0 partir de l&rsquo;\u00e2ge de 16 ans (variable dans certains pays de l&rsquo;UE) ou en pr\u00e9sence d&rsquo;un tuteur l\u00e9gal. Si votre site web ne s&rsquo;adresse pas clairement et exclusivement aux adultes (par exemple, les sites de rencontres ou les sites pornographiques), vous devez, en tant qu&rsquo;exploitant du site web, informer les enfants n&rsquo;ayant pas atteint l&rsquo;\u00e2ge minimum requis dans un langage simple qu&rsquo;ils ne sont pas autoris\u00e9s \u00e0 consentir \u00e0 des services non essentiels sans l&rsquo;aide de leur tuteur l\u00e9gal.&nbsp;<\/p>\n<\/div>\n<\/div>\n<\/div>\n<\/div>\n<\/div>\n<div>\n<div>\n<div>\n<div>\n<div>\n<p>Le visiteur de votre site web doit \u00eatre inform\u00e9 de mani\u00e8re ad\u00e9quate de ce qu&rsquo;il accepte lorsqu&rsquo;il consent \u00e0 tous les services. C&rsquo;est pourquoi, dans la premi\u00e8re vue de la banni\u00e8re relative aux cookies, tous les services peuvent \u00eatre nomm\u00e9s dans une liste s\u00e9par\u00e9e par des virgules. Le visiteur de votre site web peut ainsi mieux \u00e9valuer s&rsquo;il souhaite r\u00e9ellement accepter tous les services sans avoir \u00e0 consulter les param\u00e8tres de confidentialit\u00e9 individuels.&nbsp;<span style=\"background-color: transparent;\">En fonction du pays d&rsquo;origine, il peut \u00eatre juridiquement justifi\u00e9 de stocker l&rsquo;adresse IP de l&rsquo;utilisateur qui y consent. En revanche, vous devez informer l&rsquo;utilisateur, dans votre politique de confidentialit\u00e9, que vous stockez cette adresse IP en m\u00eame temps que le consentement, car il s&rsquo;agit juridiquement de&nbsp;<\/span><a href=\"https:\/\/devowl.io\/2021\/personal-data-gdpr\/\" target=\"_blank\" rel=\"noopener noreferrer\">donn\u00e9es personnelles{<\/a><span style=\"background-color: transparent;\">.<\/span><\/p>\n<div>\n<div>\n<div><label title=\"Supprimer les consentements document\u00e9s apr\u00e8s\">Supprimer les consentements document\u00e9s apr\u00e8s 120 mois.<\/label><\/div>\n<div>\n<div>\n<div>\n<p><strong>Les consentements ont \u00e9t\u00e9 nettoy\u00e9s pour la derni\u00e8re fois le 28\/11\/2023 11:36:45.<\/strong><\/p><p style=\"margin-bottom: 0px; color: rgb(0, 0, 0); text-align: start;\">Les consentements sont automatiquement document\u00e9s afin de pouvoir prouver le respect des exigences l\u00e9gales conform\u00e9ment \u00e0&nbsp;<a href=\"https:\/\/gdpr-text.com\/fr\/read\/article-5\/\" target=\"_blank\" rel=\"noopener noreferrer\">l&rsquo;article 5 du RGPD<\/a>&nbsp;et de prouver, en cas de litige, la mani\u00e8re dont le consentement a \u00e9t\u00e9 obtenu. Dans la plupart des pays de l&rsquo;UE, le d\u00e9lai de prescription absolu pour les violations de la protection des donn\u00e9es est de 10 ans. Pass\u00e9 ce d\u00e9lai, vous devez supprimer les consentements dans l&rsquo;int\u00e9r\u00eat de l&rsquo;\u00e9conomie des donn\u00e9es.<\/p>\n<p><br><\/p>\n<\/div>\n<\/div>\n<\/div>\n<\/div>\n<\/div>\n<\/div>\n<\/div>\n<\/div>\n<\/div>\n<\/div>\n<\/div>\n<\/div>\n<\/div>\t\t\t\t\t\t\t\t<\/div>\n\t\t\t\t<\/div>\n\t\t\t\t\t<\/div>\n\t\t\t\t<\/div>\n\t\t\t\t<\/div>\n\t\t","protected":false},"excerpt":{"rendered":"<p>Les Cookies Accepter automatiquement tous les services pour les robots Les robots ne sont pas soumis au RGPD selon&nbsp;l&rsquo;Art. 1 du RGPD&nbsp;et ne peuvent techniquement pas donner leur consentement au traitement des donn\u00e9es \u00e0 caract\u00e8re personnel et \u00e0 la mise en place de cookies. Par cons\u00e9quent, ils peuvent consid\u00e9rer votre site comme lent si une banni\u00e8re de cookies bloque en permanence tout autre contenu. Vous devriez donc permettre aux robots de naviguer sur votre site sans consentement, tout en autorisant tous les services. Respecter le \u00ab\u00a0Ne Pas Tracer\u00a0\u00bb En savoir plus Les utilisateurs peuvent activer l&rsquo;en-t\u00eate HTTP \u00a0\u00bb Ne pas tracer \u00a0\u00bb dans leur navigateur pour indiquer qu&rsquo;ils ne veulent pas \u00eatre trac\u00e9s. Si vous activez cette option, les utilisateurs pourront acc\u00e9der \u00e0 votre site web avec cet en-t\u00eate HTTP sans banni\u00e8re de cookies, s&rsquo;il n&rsquo;y a pas de services non essentiels utilis\u00e9s sur la base d&rsquo;un int\u00e9r\u00eat l\u00e9gitime. Seuls les services non refus\u00e9s seront utilis\u00e9s dans ce cas.&nbsp; Dur\u00e9e du consentement au cookie: 365jours Le consentement d&rsquo;un utilisateur doit \u00eatre limit\u00e9 dans le temps. Vous pouvez d\u00e9finir la dur\u00e9e de validit\u00e9 du consentement. Il peut \u00eatre valable pour un maximum de 365 jours, car tous les 6 \u00e0 12 mois, vous devez rappeler \u00e0 l&rsquo;utilisateur qu&rsquo;il a le droit de r\u00e9voquer son consentement (la banni\u00e8re du cookie s&rsquo;affiche \u00e0 nouveau). Si vous modifiez entre-temps le comportement ou le contenu de la banni\u00e8re de cookies, les visiteurs de votre site web devront \u00e0 nouveau donner leur consentement, m\u00eame si la p\u00e9riode de temps n&rsquo;a pas encore expir\u00e9. Consentement au traitement des donn\u00e9es dans des pays tiers non s\u00e9curis\u00e9s La plupart des pays en dehors de l&rsquo;UE sont consid\u00e9r\u00e9s comme des pays tiers peu s\u00fbrs aux fins de la loi sur la protection des donn\u00e9es et aucune donn\u00e9e personnelle de vos visiteurs ne peut \u00eatre transf\u00e9r\u00e9e ou trait\u00e9e dans ces pays. Dans la pratique, cependant, il n&rsquo;est souvent pas possible d&rsquo;exclure ces services. Conform\u00e9ment \u00e0&nbsp;l&rsquo;art. 49 (1) lit. a GDPR, il est possible d&rsquo;obtenir le consentement des visiteurs du site web pour le traitement unique et multiple des donn\u00e9es \u00e0 caract\u00e8re personnel. Le consentement pour le traitement r\u00e9gulier des donn\u00e9es dans des pays tiers non s\u00e9curis\u00e9s ne peut \u00eatre obtenu de cette mani\u00e8re. Ainsi, au moins certains des services pratiques peuvent encore \u00eatre utilis\u00e9s si le visiteur du site web y consent. Activez cette option pour marquer le traitement des donn\u00e9es personnelles dans des pays non s\u00e9curis\u00e9s et obtenir le consentement de vos visiteurs dans votre banni\u00e8re de cookies. Vous trouverez la&nbsp;liste actuelle des pays s\u00fbrs en dehors de l&rsquo;UE sur le site web de la Commission europ\u00e9enne. Notez qu&rsquo;aux \u00c9tats-Unis, le traitement des donn\u00e9es n&rsquo;est consid\u00e9r\u00e9 comme s\u00fbr que si l&rsquo;entreprise concern\u00e9e certifie elle-m\u00eame qu&rsquo;il est s\u00fbr.&nbsp;\u2022&nbsp;Modifier le texte dans le syst\u00e8me de personnalisation Notification de l&rsquo;\u00e2ge pour le consentement: Conform\u00e9ment \u00e0&nbsp;Art. 8 du RGPD, le consentement \u00e0 des services qui traitent des donn\u00e9es \u00e0 caract\u00e8re personnel et\/ou installent des cookies ne peut \u00eatre donn\u00e9 qu&rsquo;\u00e0 partir de l&rsquo;\u00e2ge de 16 ans (variable dans certains pays de l&rsquo;UE) ou en pr\u00e9sence d&rsquo;un tuteur l\u00e9gal. Si votre site web ne s&rsquo;adresse pas clairement et exclusivement aux adultes (par exemple, les sites de rencontres ou les sites pornographiques), vous devez, en tant qu&rsquo;exploitant du site web, informer les enfants n&rsquo;ayant pas atteint l&rsquo;\u00e2ge minimum requis dans un langage simple qu&rsquo;ils ne sont pas autoris\u00e9s \u00e0 consentir \u00e0 des services non essentiels sans l&rsquo;aide de leur tuteur l\u00e9gal.&nbsp; Le visiteur de votre site web doit \u00eatre inform\u00e9 de mani\u00e8re ad\u00e9quate de ce qu&rsquo;il accepte lorsqu&rsquo;il consent \u00e0 tous les services. C&rsquo;est pourquoi, dans la premi\u00e8re vue de la banni\u00e8re relative aux cookies, tous les services peuvent \u00eatre nomm\u00e9s dans une liste s\u00e9par\u00e9e par des virgules. Le visiteur de votre site web peut ainsi mieux \u00e9valuer s&rsquo;il souhaite r\u00e9ellement accepter tous les services sans avoir \u00e0 consulter les param\u00e8tres de confidentialit\u00e9 individuels.&nbsp;En fonction du pays d&rsquo;origine, il peut \u00eatre juridiquement justifi\u00e9 de stocker l&rsquo;adresse IP de l&rsquo;utilisateur qui y consent. En revanche, vous devez informer l&rsquo;utilisateur, dans votre politique de confidentialit\u00e9, que vous stockez cette adresse IP en m\u00eame temps que le consentement, car il s&rsquo;agit juridiquement de&nbsp;donn\u00e9es personnelles{. Supprimer les consentements document\u00e9s apr\u00e8s 120 mois. Les consentements ont \u00e9t\u00e9 nettoy\u00e9s pour la derni\u00e8re fois le 28\/11\/2023 11:36:45. Les consentements sont automatiquement document\u00e9s afin de pouvoir prouver le respect des exigences l\u00e9gales conform\u00e9ment \u00e0&nbsp;l&rsquo;article 5 du RGPD&nbsp;et de prouver, en cas de litige, la mani\u00e8re dont le consentement a \u00e9t\u00e9 obtenu. Dans la plupart des pays de l&rsquo;UE, le d\u00e9lai de prescription absolu pour les violations de la protection des donn\u00e9es est de 10 ans. Pass\u00e9 ce d\u00e9lai, vous devez supprimer les consentements dans l&rsquo;int\u00e9r\u00eat de l&rsquo;\u00e9conomie des donn\u00e9es.<\/p>\n","protected":false},"author":1,"featured_media":0,"parent":0,"menu_order":0,"comment_status":"closed","ping_status":"closed","template":"","meta":{"_kad_post_transparent":"","_kad_post_title":"hide","_kad_post_layout":"fullwidth","_kad_post_sidebar_id":"","_kad_post_content_style":"unboxed","_kad_post_vertical_padding":"hide","_kad_post_feature":"hide","_kad_post_feature_position":"","_kad_post_header":false,"_kad_post_footer":false,"footnotes":""},"class_list":["post-6527","page","type-page","status-publish","hentry"],"_links":{"self":[{"href":"https:\/\/fcconsultingformation.fr\/index.php?rest_route=\/wp\/v2\/pages\/6527","targetHints":{"allow":["GET"]}}],"collection":[{"href":"https:\/\/fcconsultingformation.fr\/index.php?rest_route=\/wp\/v2\/pages"}],"about":[{"href":"https:\/\/fcconsultingformation.fr\/index.php?rest_route=\/wp\/v2\/types\/page"}],"author":[{"embeddable":true,"href":"https:\/\/fcconsultingformation.fr\/index.php?rest_route=\/wp\/v2\/users\/1"}],"replies":[{"embeddable":true,"href":"https:\/\/fcconsultingformation.fr\/index.php?rest_route=%2Fwp%2Fv2%2Fcomments&post=6527"}],"version-history":[{"count":0,"href":"https:\/\/fcconsultingformation.fr\/index.php?rest_route=\/wp\/v2\/pages\/6527\/revisions"}],"wp:attachment":[{"href":"https:\/\/fcconsultingformation.fr\/index.php?rest_route=%2Fwp%2Fv2%2Fmedia&parent=6527"}],"curies":[{"name":"wp","href":"https:\/\/api.w.org\/{rel}","templated":true}]}}