{"id":6959,"date":"2023-12-12T10:54:47","date_gmt":"2023-12-12T09:54:47","guid":{"rendered":"https:\/\/fcconsultingformation.fr\/?page_id=6959"},"modified":"2024-06-05T10:03:21","modified_gmt":"2024-06-05T08:03:21","slug":"financements-2","status":"publish","type":"page","link":"https:\/\/fcconsultingformation.fr\/?page_id=6959","title":{"rendered":"Financements"},"content":{"rendered":"\t\t<div data-elementor-type=\"wp-page\" data-elementor-id=\"6959\" class=\"elementor elementor-6959\" data-elementor-post-type=\"page\">\n\t\t\t\t<div data-particle_enable=\"false\" data-particle-mobile-disabled=\"false\" class=\"elementor-element elementor-element-a9fba7a e-flex e-con-boxed wpr-particle-no wpr-jarallax-no wpr-parallax-no wpr-sticky-section-no e-con e-parent\" data-id=\"a9fba7a\" data-element_type=\"container\">\n\t\t\t\t\t<div class=\"e-con-inner\">\n\t\t\t\t<div class=\"elementor-element elementor-element-f52df68 elementor-widget elementor-widget-heading\" data-id=\"f52df68\" data-element_type=\"widget\" data-widget_type=\"heading.default\">\n\t\t\t\t<div class=\"elementor-widget-container\">\n\t\t\t\t\t<h2 class=\"elementor-heading-title elementor-size-default\">LES DISPOSITIFS DE FINANCEMENT DE LA FORMATION<br><br><br><\/h2>\t\t\t\t<\/div>\n\t\t\t\t<\/div>\n\t\t\t\t\t<\/div>\n\t\t\t\t<\/div>\n\t\t<div data-particle_enable=\"false\" data-particle-mobile-disabled=\"false\" class=\"elementor-element elementor-element-f09dc9a e-flex e-con-boxed wpr-particle-no wpr-jarallax-no wpr-parallax-no wpr-sticky-section-no e-con e-parent\" data-id=\"f09dc9a\" data-element_type=\"container\">\n\t\t\t\t\t<div class=\"e-con-inner\">\n\t\t\t\t<div class=\"elementor-element elementor-element-3cba124 elementor-widget elementor-widget-heading\" data-id=\"3cba124\" data-element_type=\"widget\" data-widget_type=\"heading.default\">\n\t\t\t\t<div class=\"elementor-widget-container\">\n\t\t\t\t\t<h5 class=\"elementor-heading-title elementor-size-default\"><span class=\"OYPEnA text-decoration-none text-strikethrough-none\" style=\"color: rgb(0, 0, 0);\">                        B\u00c9N\u00c9FICIEZ DE FINANCEMENTS ISSUS DES FONDS MUTUALIS\u00c9S<\/span><\/h5>\t\t\t\t<\/div>\n\t\t\t\t<\/div>\n\t\t\t\t\t<\/div>\n\t\t\t\t<\/div>\n\t\t<div data-particle_enable=\"false\" data-particle-mobile-disabled=\"false\" class=\"elementor-element elementor-element-54ed902 e-con-full e-flex wpr-particle-no wpr-jarallax-no wpr-parallax-no wpr-sticky-section-no e-con e-parent\" data-id=\"54ed902\" data-element_type=\"container\">\n\t\t\t\t<div class=\"elementor-element elementor-element-f52e444 elementor-widget__width-initial elementor-widget elementor-widget-text-editor\" data-id=\"f52e444\" data-element_type=\"widget\" data-widget_type=\"text-editor.default\">\n\t\t\t\t<div class=\"elementor-widget-container\">\n\t\t\t\t\t\t\t\t\t<p style=\"color: #000000; font-family: 'YAFdJt8dAY0 0', _fb_, auto; --font-size: 31.6104px; --line-height: 1.4; line-height: 44px;\"><span class=\"OYPEnA text-decoration-none text-strikethrough-none\" style=\"font-weight: 400;\">FC Consulting a obtenu la certification Qualiopi dans la cat\u00e9gorie Actions de formation.<br \/><\/span><span class=\"OYPEnA text-decoration-none text-strikethrough-none\" style=\"font-weight: 400;\">Depuis 2022, seuls les organismes certifi\u00e9s Qualiopi peuvent faire financer leurs formations professionnelles. Une belle r\u00e9compense pour r\u00e9pondre aux exigences de qualit\u00e9 et \u00eatre reconnu comme prestataire de confiance.<\/span><\/p>\t\t\t\t\t\t\t\t<\/div>\n\t\t\t\t<\/div>\n\t\t<div data-particle_enable=\"false\" data-particle-mobile-disabled=\"false\" class=\"elementor-element elementor-element-d359ff5 e-con-full e-flex wpr-particle-no wpr-jarallax-no wpr-parallax-no wpr-sticky-section-no e-con e-child\" data-id=\"d359ff5\" data-element_type=\"container\">\n\t\t<div data-particle_enable=\"false\" data-particle-mobile-disabled=\"false\" class=\"elementor-element elementor-element-8c362a8 e-con-full e-flex wpr-particle-no wpr-jarallax-no wpr-parallax-no wpr-sticky-section-no e-con e-child\" data-id=\"8c362a8\" data-element_type=\"container\">\n\t\t<div data-particle_enable=\"false\" data-particle-mobile-disabled=\"false\" class=\"elementor-element elementor-element-e3f8d4b e-con-full e-flex wpr-particle-no wpr-jarallax-no wpr-parallax-no wpr-sticky-section-no e-con e-child\" data-id=\"e3f8d4b\" data-element_type=\"container\">\n\t\t\t\t<div class=\"elementor-element elementor-element-d550b89 elementor-widget elementor-widget-text-editor\" data-id=\"d550b89\" data-element_type=\"widget\" data-widget_type=\"text-editor.default\">\n\t\t\t\t<div class=\"elementor-widget-container\">\n\t\t\t\t\t\t\t\t\t<div><p style=\"color: #000000; font-family: 'YAFdJt8dAY0 0', _fb_, auto; --font-size: 31.6104px; --line-height: 1.4; line-height: 44px;\"><span class=\"OYPEnA text-decoration-none text-strikethrough-none\" style=\"font-weight: bold;\">LES OPCOS (OP\u00c9RATEURS DE COMP\u00c9TENCES)<br \/><\/span><span class=\"OYPEnA text-decoration-none text-strikethrough-none\">Quelle que soit la demande de formation initiale (Plan de formation, CPF, professionnalisation), n&rsquo;h\u00e9sitez pas \u00e0 demander conseil aupr\u00e8s de votre OPCO pour permettre le financement partiel ou int\u00e9gral de vos besoins de formation. La plupart des OPCOS mettent en \u0153uvre des dispositifs cl\u00e9s-en-main et avantageux pour r\u00e9pondre aux besoins accrus de comp\u00e9tences dans de multiples domaines d&rsquo;activit\u00e9.<\/span><\/p><\/div>\t\t\t\t\t\t\t\t<\/div>\n\t\t\t\t<\/div>\n\t\t\t\t<\/div>\n\t\t<div data-particle_enable=\"false\" data-particle-mobile-disabled=\"false\" class=\"elementor-element elementor-element-d9f5e7c e-con-full e-flex wpr-particle-no wpr-jarallax-no wpr-parallax-no wpr-sticky-section-no e-con e-child\" data-id=\"d9f5e7c\" data-element_type=\"container\">\n\t\t\t\t<div class=\"elementor-element elementor-element-e3619fc elementor-widget elementor-widget-image\" data-id=\"e3619fc\" data-element_type=\"widget\" data-widget_type=\"image.default\">\n\t\t\t\t<div class=\"elementor-widget-container\">\n\t\t\t\t\t\t\t\t\t\t\t\t\t\t\t<img fetchpriority=\"high\" decoding=\"async\" width=\"225\" height=\"225\" src=\"https:\/\/fcconsultingformation.fr\/wp-content\/uploads\/2023\/12\/logo-opco.png\" class=\"attachment-medium size-medium wp-image-6960\" alt=\"\" srcset=\"https:\/\/fcconsultingformation.fr\/wp-content\/uploads\/2023\/12\/logo-opco.png 225w, https:\/\/fcconsultingformation.fr\/wp-content\/uploads\/2023\/12\/logo-opco-150x150.png 150w\" sizes=\"(max-width: 225px) 100vw, 225px\" \/>\t\t\t\t\t\t\t\t\t\t\t\t\t\t\t<\/div>\n\t\t\t\t<\/div>\n\t\t\t\t<\/div>\n\t\t\t\t<\/div>\n\t\t<div data-particle_enable=\"false\" data-particle-mobile-disabled=\"false\" class=\"elementor-element elementor-element-cac69d1 e-con-full e-flex wpr-particle-no wpr-jarallax-no wpr-parallax-no wpr-sticky-section-no e-con e-child\" data-id=\"cac69d1\" data-element_type=\"container\">\n\t\t<div data-particle_enable=\"false\" data-particle-mobile-disabled=\"false\" class=\"elementor-element elementor-element-64b2086 e-con-full e-flex wpr-particle-no wpr-jarallax-no wpr-parallax-no wpr-sticky-section-no e-con e-child\" data-id=\"64b2086\" data-element_type=\"container\">\n\t\t\t\t<div class=\"elementor-element elementor-element-98a6a46 elementor-widget__width-initial elementor-widget elementor-widget-image\" data-id=\"98a6a46\" data-element_type=\"widget\" data-widget_type=\"image.default\">\n\t\t\t\t<div class=\"elementor-widget-container\">\n\t\t\t\t\t\t\t\t\t\t\t\t\t\t\t<img decoding=\"async\" width=\"392\" height=\"129\" src=\"https:\/\/fcconsultingformation.fr\/wp-content\/uploads\/2023\/10\/logo-fne-formation.png\" class=\"attachment-large size-large wp-image-251\" alt=\"\" srcset=\"https:\/\/fcconsultingformation.fr\/wp-content\/uploads\/2023\/10\/logo-fne-formation.png 392w, https:\/\/fcconsultingformation.fr\/wp-content\/uploads\/2023\/10\/logo-fne-formation-300x99.png 300w\" sizes=\"(max-width: 392px) 100vw, 392px\" \/>\t\t\t\t\t\t\t\t\t\t\t\t\t\t\t<\/div>\n\t\t\t\t<\/div>\n\t\t\t\t<\/div>\n\t\t<div data-particle_enable=\"false\" data-particle-mobile-disabled=\"false\" class=\"elementor-element elementor-element-5197975 e-con-full e-flex wpr-particle-no wpr-jarallax-no wpr-parallax-no wpr-sticky-section-no e-con e-child\" data-id=\"5197975\" data-element_type=\"container\">\n\t\t\t\t<div class=\"elementor-element elementor-element-8de8688 elementor-widget__width-initial elementor-widget elementor-widget-text-editor\" data-id=\"8de8688\" data-element_type=\"widget\" data-widget_type=\"text-editor.default\">\n\t\t\t\t<div class=\"elementor-widget-container\">\n\t\t\t\t\t\t\t\t\t<div><b>\u00a0<\/b><\/div><div><b>FNE Formation<br \/><\/b><span style=\"background-color: transparent; text-align: var(--text-align); color: #000000; font-family: 'YAFdJt8dAY0 0', _fb_, auto;\">Nouvelle mobilisation et nouvelles orientations en 2023 en faveur notamment de la transition num\u00e9rique, ouverts \u00e0 toutes les entreprises, quelle que soient leur taille. En savoir plus sur le FNE Formation 2023.<\/span><\/div>\t\t\t\t\t\t\t\t<\/div>\n\t\t\t\t<\/div>\n\t\t\t\t<\/div>\n\t\t\t\t<\/div>\n\t\t<div data-particle_enable=\"false\" data-particle-mobile-disabled=\"false\" class=\"elementor-element elementor-element-33166fd e-con-full e-flex wpr-particle-no wpr-jarallax-no wpr-parallax-no wpr-sticky-section-no e-con e-child\" data-id=\"33166fd\" data-element_type=\"container\">\n\t\t<div data-particle_enable=\"false\" data-particle-mobile-disabled=\"false\" class=\"elementor-element elementor-element-aacd5f9 e-con-full e-flex wpr-particle-no wpr-jarallax-no wpr-parallax-no wpr-sticky-section-no e-con e-child\" data-id=\"aacd5f9\" data-element_type=\"container\">\n\t\t\t\t<div class=\"elementor-element elementor-element-37c21d5 elementor-widget elementor-widget-text-editor\" data-id=\"37c21d5\" data-element_type=\"widget\" data-widget_type=\"text-editor.default\">\n\t\t\t\t<div class=\"elementor-widget-container\">\n\t\t\t\t\t\t\t\t\t<p style=\"color: #000000; font-family: 'YAFdJt8dAY0 0', _fb_, auto; --font-size: 31.6104px; --line-height: 1.4; line-height: 44px;\"><strong>AGEFIPH (Pour les demandeurs d\u2019emploi reconnus travailleurs handicap\u00e9s)<\/strong><br \/>L&rsquo;Agefiph propose aides et accompagnement pour l&#8217;emploi des personnes en situation de handicap.\u00a0Elle se charge de soutenir le d\u00e9veloppement\u00a0<span style=\"background-color: transparent;\">de l&#8217;emploi des\u00a0<\/span><a draggable=\"false\" href=\"https:\/\/www.agefiph.fr\/personne-handicapee\" target=\"_blank\" rel=\"noopener\">personnes handicap\u00e9es<\/a><span style=\"background-color: transparent;\">.<\/span><\/p>\t\t\t\t\t\t\t\t<\/div>\n\t\t\t\t<\/div>\n\t\t\t\t<\/div>\n\t\t<div data-particle_enable=\"false\" data-particle-mobile-disabled=\"false\" class=\"elementor-element elementor-element-566c2b9 e-con-full e-flex wpr-particle-no wpr-jarallax-no wpr-parallax-no wpr-sticky-section-no e-con e-child\" data-id=\"566c2b9\" data-element_type=\"container\">\n\t\t\t\t<div class=\"elementor-element elementor-element-d7cb876 elementor-widget elementor-widget-image\" data-id=\"d7cb876\" data-element_type=\"widget\" data-widget_type=\"image.default\">\n\t\t\t\t<div class=\"elementor-widget-container\">\n\t\t\t\t\t\t\t\t\t\t\t\t\t\t\t<img decoding=\"async\" width=\"300\" height=\"129\" src=\"https:\/\/fcconsultingformation.fr\/wp-content\/uploads\/2023\/10\/logo-agefiph-300x129.png\" class=\"attachment-medium size-medium wp-image-256\" alt=\"\" srcset=\"https:\/\/fcconsultingformation.fr\/wp-content\/uploads\/2023\/10\/logo-agefiph-300x129.png 300w, https:\/\/fcconsultingformation.fr\/wp-content\/uploads\/2023\/10\/logo-agefiph.png 342w\" sizes=\"(max-width: 300px) 100vw, 300px\" \/>\t\t\t\t\t\t\t\t\t\t\t\t\t\t\t<\/div>\n\t\t\t\t<\/div>\n\t\t\t\t<\/div>\n\t\t\t\t<\/div>\n\t\t<div data-particle_enable=\"false\" data-particle-mobile-disabled=\"false\" class=\"elementor-element elementor-element-50a054a e-flex e-con-boxed wpr-particle-no wpr-jarallax-no wpr-parallax-no wpr-sticky-section-no e-con e-child\" data-id=\"50a054a\" data-element_type=\"container\">\n\t\t\t\t\t<div class=\"e-con-inner\">\n\t\t<div data-particle_enable=\"false\" data-particle-mobile-disabled=\"false\" class=\"elementor-element elementor-element-0ed369e e-con-full e-flex wpr-particle-no wpr-jarallax-no wpr-parallax-no wpr-sticky-section-no e-con e-child\" data-id=\"0ed369e\" data-element_type=\"container\">\n\t\t\t\t<div class=\"elementor-element elementor-element-e497657 elementor-widget__width-initial elementor-widget elementor-widget-image\" data-id=\"e497657\" data-element_type=\"widget\" data-widget_type=\"image.default\">\n\t\t\t\t<div class=\"elementor-widget-container\">\n\t\t\t\t\t\t\t\t\t\t\t\t\t\t\t<img loading=\"lazy\" decoding=\"async\" width=\"334\" height=\"151\" src=\"https:\/\/fcconsultingformation.fr\/wp-content\/uploads\/2023\/11\/logo-pole-emploi.jpg\" class=\"attachment-large size-large wp-image-5703\" alt=\"\" srcset=\"https:\/\/fcconsultingformation.fr\/wp-content\/uploads\/2023\/11\/logo-pole-emploi.jpg 334w, https:\/\/fcconsultingformation.fr\/wp-content\/uploads\/2023\/11\/logo-pole-emploi-300x136.jpg 300w\" sizes=\"(max-width: 334px) 100vw, 334px\" \/>\t\t\t\t\t\t\t\t\t\t\t\t\t\t\t<\/div>\n\t\t\t\t<\/div>\n\t\t\t\t<\/div>\n\t\t<div data-particle_enable=\"false\" data-particle-mobile-disabled=\"false\" class=\"elementor-element elementor-element-6b1ee50 e-con-full e-flex wpr-particle-no wpr-jarallax-no wpr-parallax-no wpr-sticky-section-no e-con e-child\" data-id=\"6b1ee50\" data-element_type=\"container\">\n\t\t\t\t<div class=\"elementor-element elementor-element-e11f5ad elementor-widget elementor-widget-text-editor\" data-id=\"e11f5ad\" data-element_type=\"widget\" data-widget_type=\"text-editor.default\">\n\t\t\t\t<div class=\"elementor-widget-container\">\n\t\t\t\t\t\t\t\t\t<div><p style=\"color: #000000; font-family: 'YAFdJt8dAY0 0', _fb_, auto; --font-size: 31.6104px; --line-height: 1.4; line-height: 44px;\"><span style=\"font-weight: bold;\">POLE EMPLOI<br \/><\/span>P\u00f4le emploi peut financer int\u00e9gralement des formations dans les domaines du d\u00e9veloppement, des syst\u00e8mes et r\u00e9seaux, de la p\u00e9dagogie, des ressources humaines, de la data et de la gestion de projet.<\/p><p style=\"color: #000000; font-family: 'YAFdJt8dAY0 0', _fb_, auto; --font-size: 31.6104px; --line-height: 1.4; line-height: 44px;\">\u00a0<\/p><\/div>\t\t\t\t\t\t\t\t<\/div>\n\t\t\t\t<\/div>\n\t\t\t\t<\/div>\n\t\t\t\t\t<\/div>\n\t\t\t\t<\/div>\n\t\t<div data-particle_enable=\"false\" data-particle-mobile-disabled=\"false\" class=\"elementor-element elementor-element-5def3c5 e-flex e-con-boxed wpr-particle-no wpr-jarallax-no wpr-parallax-no wpr-sticky-section-no e-con e-child\" data-id=\"5def3c5\" data-element_type=\"container\">\n\t\t\t\t\t<div class=\"e-con-inner\">\n\t\t\t\t<div class=\"elementor-element elementor-element-69ba01a elementor-widget__width-initial elementor-widget elementor-widget-text-editor\" data-id=\"69ba01a\" data-element_type=\"widget\" data-widget_type=\"text-editor.default\">\n\t\t\t\t<div class=\"elementor-widget-container\">\n\t\t\t\t\t\t\t\t\t<h6 style=\"color: #000000; font-family: 'YAFdJt8dAY0 0', _fb_, auto; --font-size: 30.6665px; --line-height: 1.4; line-height: 42px;\"><span style=\"font-weight: 400;\">Vous pouvez aussi faire appel aux organismes financeurs suivants : <\/span>le Conseil R\u00e9gional<span style=\"font-weight: 400;\"> et <\/span>le Conseil d\u00e9partemental.<br \/><span style=\"text-align: var(--text-align); background-color: transparent; font-weight: 400;\">De plus, pouvez financer votre formation avec <\/span><span style=\"text-align: var(--text-align); background-color: transparent;\">vos ressources personnelles<\/span><span style=\"text-align: var(--text-align); background-color: transparent; font-weight: 400;\">.<\/span><\/h6>\t\t\t\t\t\t\t\t<\/div>\n\t\t\t\t<\/div>\n\t\t\t\t\t<\/div>\n\t\t\t\t<\/div>\n\t\t\t\t<\/div>\n\t\t\t\t<div class=\"elementor-element elementor-element-aaffc4a elementor-align-center elementor-widget elementor-widget-button\" data-id=\"aaffc4a\" data-element_type=\"widget\" data-widget_type=\"button.default\">\n\t\t\t\t<div class=\"elementor-widget-container\">\n\t\t\t\t\t\t\t\t\t<div class=\"elementor-button-wrapper\">\n\t\t\t\t\t<a class=\"elementor-button elementor-button-link elementor-size-sm\" href=\"https:\/\/fcconsultingformation.fr\/?page_id=1116\">\n\t\t\t\t\t\t<span class=\"elementor-button-content-wrapper\">\n\t\t\t\t\t\t\t\t\t<span class=\"elementor-button-text\">S'inscrire<\/span>\n\t\t\t\t\t<\/span>\n\t\t\t\t\t<\/a>\n\t\t\t\t<\/div>\n\t\t\t\t\t\t\t\t<\/div>\n\t\t\t\t<\/div>\n\t\t\t\t<\/div>\n\t\t\t\t<\/div>\n\t\t","protected":false},"excerpt":{"rendered":"<p>LES DISPOSITIFS DE FINANCEMENT DE LA FORMATION B\u00c9N\u00c9FICIEZ DE FINANCEMENTS ISSUS DES FONDS MUTUALIS\u00c9S FC Consulting a obtenu la certification Qualiopi dans la cat\u00e9gorie Actions de formation.Depuis 2022, seuls les organismes certifi\u00e9s Qualiopi peuvent faire financer leurs formations professionnelles. Une belle r\u00e9compense pour r\u00e9pondre aux exigences de qualit\u00e9 et \u00eatre reconnu comme prestataire de confiance. LES OPCOS (OP\u00c9RATEURS DE COMP\u00c9TENCES)Quelle que soit la demande de formation initiale (Plan de formation, CPF, professionnalisation), n&rsquo;h\u00e9sitez pas \u00e0 demander conseil aupr\u00e8s de votre OPCO pour permettre le financement partiel ou int\u00e9gral de vos besoins de formation. La plupart des OPCOS mettent en \u0153uvre des dispositifs cl\u00e9s-en-main et avantageux pour r\u00e9pondre aux besoins accrus de comp\u00e9tences dans de multiples domaines d&rsquo;activit\u00e9. \u00a0FNE FormationNouvelle mobilisation et nouvelles orientations en 2023 en faveur notamment de la transition num\u00e9rique, ouverts \u00e0 toutes les entreprises, quelle que soient leur taille. En savoir plus sur le FNE Formation 2023. AGEFIPH (Pour les demandeurs d\u2019emploi reconnus travailleurs handicap\u00e9s)L&rsquo;Agefiph propose aides et accompagnement pour l&#8217;emploi des personnes en situation de handicap.\u00a0Elle se charge de soutenir le d\u00e9veloppement\u00a0de l&#8217;emploi des\u00a0personnes handicap\u00e9es. POLE EMPLOIP\u00f4le emploi peut financer int\u00e9gralement des formations dans les domaines du d\u00e9veloppement, des syst\u00e8mes et r\u00e9seaux, de la p\u00e9dagogie, des ressources humaines, de la data et de la gestion de projet. \u00a0 Vous pouvez aussi faire appel aux organismes financeurs suivants : le Conseil R\u00e9gional et le Conseil d\u00e9partemental.De plus, pouvez financer votre formation avec vos ressources personnelles. S&rsquo;inscrire<\/p>\n","protected":false},"author":1,"featured_media":0,"parent":0,"menu_order":0,"comment_status":"closed","ping_status":"closed","template":"","meta":{"_kad_post_transparent":"","_kad_post_title":"hide","_kad_post_layout":"fullwidth","_kad_post_sidebar_id":"","_kad_post_content_style":"unboxed","_kad_post_vertical_padding":"hide","_kad_post_feature":"hide","_kad_post_feature_position":"","_kad_post_header":false,"_kad_post_footer":false,"footnotes":""},"class_list":["post-6959","page","type-page","status-publish","hentry"],"_links":{"self":[{"href":"https:\/\/fcconsultingformation.fr\/index.php?rest_route=\/wp\/v2\/pages\/6959","targetHints":{"allow":["GET"]}}],"collection":[{"href":"https:\/\/fcconsultingformation.fr\/index.php?rest_route=\/wp\/v2\/pages"}],"about":[{"href":"https:\/\/fcconsultingformation.fr\/index.php?rest_route=\/wp\/v2\/types\/page"}],"author":[{"embeddable":true,"href":"https:\/\/fcconsultingformation.fr\/index.php?rest_route=\/wp\/v2\/users\/1"}],"replies":[{"embeddable":true,"href":"https:\/\/fcconsultingformation.fr\/index.php?rest_route=%2Fwp%2Fv2%2Fcomments&post=6959"}],"version-history":[{"count":0,"href":"https:\/\/fcconsultingformation.fr\/index.php?rest_route=\/wp\/v2\/pages\/6959\/revisions"}],"wp:attachment":[{"href":"https:\/\/fcconsultingformation.fr\/index.php?rest_route=%2Fwp%2Fv2%2Fmedia&parent=6959"}],"curies":[{"name":"wp","href":"https:\/\/api.w.org\/{rel}","templated":true}]}}